{"id":9,"date":"2023-04-17T20:10:36","date_gmt":"2023-04-17T23:10:36","guid":{"rendered":"https:\/\/poderaprender.com\/?page_id=9"},"modified":"2024-11-20T21:19:56","modified_gmt":"2024-11-21T00:19:56","slug":"podcast","status":"publish","type":"page","link":"https:\/\/poderaprender.com\/","title":{"rendered":"Idiomas, hobbies y skills"},"content":{"rendered":"\n<h2 class=\"wp-block-heading\">\u00daltimo episodio del p\u00f3dcast<\/h2>\n\n\n\n<div style=\"width: 100%; height: 200px; margin-bottom: 20px; border-radius: 6px; overflow: hidden;\"><iframe style=\"width: 100%; height: 200px;\" frameborder=\"no\" scrolling=\"no\" seamless src=\"https:\/\/player.captivate.fm\/show\/f52a7361-fe59-4e3b-a59c-15e8161433cd\/latest\/\"><\/iframe><\/div>\n\n\n\n\n\n<h2 class=\"wp-block-heading\">Episodios anteriores<\/h2>\n\n\n\n<div class=\"wp-block-columns is-layout-flex wp-container-core-columns-is-layout-9d6595d7 wp-block-columns-is-layout-flex\">\n<div class=\"wp-block-column is-layout-flow wp-block-column-is-layout-flow\" style=\"flex-basis:66.66%\">\n<div style=\"width: 100%; height: 600px; margin-bottom: 20px; border-radius: 6px; overflow: hidden;\"><iframe style=\"width: 100%; height: 600px;\" frameborder=\"no\" scrolling=\"no\" seamless src=\"https:\/\/player.captivate.fm\/show\/f52a7361-fe59-4e3b-a59c-15e8161433cd\"><\/iframe><\/div>\n<\/div>\n\n\n\n<div class=\"wp-block-column is-layout-flow wp-block-column-is-layout-flow\" style=\"flex-basis:33.33%\"><div class=\"wp-block-image\">\n<figure class=\"aligncenter size-full is-resized\"><a href=\"https:\/\/poderaprender.captivate.fm\/spotify\"><img loading=\"lazy\" decoding=\"async\" width=\"380\" height=\"110\" src=\"https:\/\/poderaprender.com\/wp-content\/uploads\/2023\/10\/spotify-1.png\" alt=\"\" class=\"wp-image-247\" style=\"width:228px;height:64px\" srcset=\"https:\/\/poderaprender.com\/wp-content\/uploads\/2023\/10\/spotify-1.png 380w, https:\/\/poderaprender.com\/wp-content\/uploads\/2023\/10\/spotify-1-300x87.png 300w\" sizes=\"auto, (max-width: 380px) 100vw, 380px\" \/><\/a><\/figure>\n<\/div>\n\n<div class=\"wp-block-image\">\n<figure class=\"aligncenter size-full is-resized\"><a href=\"https:\/\/poderaprender.captivate.fm\/apple\"><img loading=\"lazy\" decoding=\"async\" width=\"440\" height=\"120\" src=\"https:\/\/poderaprender.com\/wp-content\/uploads\/2023\/09\/listen-on-apple-podcast.png\" alt=\"\" class=\"wp-image-208\" style=\"width:226px;height:61px\" srcset=\"https:\/\/poderaprender.com\/wp-content\/uploads\/2023\/09\/listen-on-apple-podcast.png 440w, https:\/\/poderaprender.com\/wp-content\/uploads\/2023\/09\/listen-on-apple-podcast-300x82.png 300w\" sizes=\"auto, (max-width: 440px) 100vw, 440px\" \/><\/a><\/figure>\n<\/div>\n\n<div class=\"wp-block-image\">\n<figure class=\"aligncenter size-full is-resized\"><a href=\"https:\/\/poderaprender.captivate.fm\/pocketcasts\"><img loading=\"lazy\" decoding=\"async\" width=\"440\" height=\"160\" src=\"https:\/\/poderaprender.com\/wp-content\/uploads\/2023\/09\/listen-on-pocket-casts.png\" alt=\"\" class=\"wp-image-207\" style=\"width:218px;height:80px\" srcset=\"https:\/\/poderaprender.com\/wp-content\/uploads\/2023\/09\/listen-on-pocket-casts.png 440w, https:\/\/poderaprender.com\/wp-content\/uploads\/2023\/09\/listen-on-pocket-casts-300x109.png 300w\" sizes=\"auto, (max-width: 440px) 100vw, 440px\" \/><\/a><\/figure>\n<\/div>\n\n<div class=\"wp-block-image\">\n<figure class=\"aligncenter size-full is-resized\"><a href=\"https:\/\/www.youtube.com\/@poder-aprender\"><img loading=\"lazy\" decoding=\"async\" width=\"418\" height=\"136\" src=\"https:\/\/poderaprender.com\/wp-content\/uploads\/2023\/09\/AvailableonYouTube-black-3xPNG.png\" alt=\"\" class=\"wp-image-209\" style=\"width:214px;height:69px\" srcset=\"https:\/\/poderaprender.com\/wp-content\/uploads\/2023\/09\/AvailableonYouTube-black-3xPNG.png 418w, https:\/\/poderaprender.com\/wp-content\/uploads\/2023\/09\/AvailableonYouTube-black-3xPNG-300x98.png 300w\" sizes=\"auto, (max-width: 418px) 100vw, 418px\" \/><\/a><\/figure>\n<\/div><\/div>\n<\/div>\n\n\n\n<h1 class=\"wp-block-heading has-text-align-left\">Recib\u00ed las transcripciones por mail<\/h1>\n\n\n\n\n\n\n<div class=\"wp-block-columns is-layout-flex wp-container-core-columns-is-layout-9d6595d7 wp-block-columns-is-layout-flex\">\n<div class=\"wp-block-column is-layout-flow wp-block-column-is-layout-flow\"><div class=\"convertkit-form wp-block-convertkit-form\" style=\"\"><script async data-uid=\"53d9fb6781\" src=\"https:\/\/poder-aprender.kit.com\/53d9fb6781\/index.js\" data-jetpack-boost=\"ignore\" data-no-defer=\"1\" nowprocket><\/script><\/div>\n<\/div>\n<\/div>\n","protected":false},"excerpt":{"rendered":"<p>\u00daltimo episodio del p\u00f3dcast Episodios anteriores Recib\u00ed las transcripciones por mail<\/p>\n","protected":false},"author":1,"featured_media":0,"parent":0,"menu_order":0,"comment_status":"closed","ping_status":"closed","template":"page-templates\/fullwidth.php","meta":{"footnotes":""},"class_list":["post-9","page","type-page","status-publish","hentry"],"_links":{"self":[{"href":"https:\/\/poderaprender.com\/wp-json\/wp\/v2\/pages\/9","targetHints":{"allow":["GET"]}}],"collection":[{"href":"https:\/\/poderaprender.com\/wp-json\/wp\/v2\/pages"}],"about":[{"href":"https:\/\/poderaprender.com\/wp-json\/wp\/v2\/types\/page"}],"author":[{"embeddable":true,"href":"https:\/\/poderaprender.com\/wp-json\/wp\/v2\/users\/1"}],"replies":[{"embeddable":true,"href":"https:\/\/poderaprender.com\/wp-json\/wp\/v2\/comments?post=9"}],"version-history":[{"count":60,"href":"https:\/\/poderaprender.com\/wp-json\/wp\/v2\/pages\/9\/revisions"}],"predecessor-version":[{"id":686,"href":"https:\/\/poderaprender.com\/wp-json\/wp\/v2\/pages\/9\/revisions\/686"}],"wp:attachment":[{"href":"https:\/\/poderaprender.com\/wp-json\/wp\/v2\/media?parent=9"}],"curies":[{"name":"wp","href":"https:\/\/api.w.org\/{rel}","templated":true}]}}