{"id":2430,"date":"2024-10-31T11:29:28","date_gmt":"2024-10-31T11:29:28","guid":{"rendered":"https:\/\/ahelp.com\/?page_id=2430"},"modified":"2025-04-22T13:55:25","modified_gmt":"2025-04-22T13:55:25","slug":"homepage-de","status":"publish","type":"page","link":"https:\/\/ahelp.com\/de\/","title":{"rendered":"Homepage (DE)"},"content":{"rendered":"","protected":false},"excerpt":{"rendered":"","protected":false},"author":6,"featured_media":0,"parent":0,"menu_order":0,"comment_status":"closed","ping_status":"closed","template":"templates\/flexible-content-page.php","meta":{"inline_featured_image":false,"footnotes":""},"class_list":["post-2430","page","type-page","status-publish","hentry"],"acf":[],"yoast_head":"<!-- This site is optimized with the Yoast SEO plugin v24.7 - https:\/\/yoast.com\/wordpress\/plugins\/seo\/ -->\n<title>AHelp: Ultimative Drehscheibe f\u00fcr p\u00e4dagogische und AI-Schreibwerkzeuge<\/title>\n<meta name=\"description\" content=\"AHelp: Ihr unverzichtbares Toolkit f\u00fcr Studium, Hausaufgaben und Forschung. Unsere Plattform bietet verschiedene Tools, die das Schreiben von Hausaufgaben, Aufgaben und Aufs\u00e4tzen erleichtern.\" \/>\n<meta name=\"robots\" content=\"index, follow, max-snippet:-1, max-image-preview:large, max-video-preview:-1\" \/>\n<link rel=\"canonical\" href=\"https:\/\/ahelp.com\/de\/\" \/>\n<meta property=\"og:locale\" content=\"en_US\" \/>\n<meta property=\"og:type\" content=\"article\" \/>\n<meta property=\"og:title\" content=\"AHelp: Ultimative Drehscheibe f\u00fcr p\u00e4dagogische und AI-Schreibwerkzeuge\" \/>\n<meta property=\"og:description\" content=\"AHelp: Ihr unverzichtbares Toolkit f\u00fcr Studium, Hausaufgaben und Forschung. Unsere Plattform bietet verschiedene Tools, die das Schreiben von Hausaufgaben, Aufgaben und Aufs\u00e4tzen erleichtern.\" \/>\n<meta property=\"og:url\" content=\"https:\/\/ahelp.com\/de\/\" \/>\n<meta property=\"og:site_name\" content=\"AHelp\" \/>\n<meta property=\"article:modified_time\" content=\"2025-04-22T13:55:25+00:00\" \/>\n<meta name=\"twitter:card\" content=\"summary_large_image\" \/>\n<script type=\"application\/ld+json\" class=\"yoast-schema-graph\">{\"@context\":\"https:\/\/schema.org\",\"@graph\":[{\"@type\":\"WebPage\",\"@id\":\"https:\/\/ahelp.com\/de\/\",\"url\":\"https:\/\/ahelp.com\/de\/\",\"name\":\"AHelp: Ultimative Drehscheibe f\u00fcr p\u00e4dagogische und AI-Schreibwerkzeuge\",\"isPartOf\":{\"@id\":\"https:\/\/ahelp.com\/#website\"},\"datePublished\":\"2024-10-31T11:29:28+00:00\",\"dateModified\":\"2025-04-22T13:55:25+00:00\",\"description\":\"AHelp: Ihr unverzichtbares Toolkit f\u00fcr Studium, Hausaufgaben und Forschung. Unsere Plattform bietet verschiedene Tools, die das Schreiben von Hausaufgaben, Aufgaben und Aufs\u00e4tzen erleichtern.\",\"breadcrumb\":{\"@id\":\"https:\/\/ahelp.com\/de\/#breadcrumb\"},\"inLanguage\":\"en-US\",\"potentialAction\":[{\"@type\":\"ReadAction\",\"target\":[\"https:\/\/ahelp.com\/de\/\"]}]},{\"@type\":\"BreadcrumbList\",\"@id\":\"https:\/\/ahelp.com\/de\/#breadcrumb\",\"itemListElement\":[{\"@type\":\"ListItem\",\"position\":1,\"name\":\"Home\",\"item\":\"https:\/\/ahelp.com\/\"},{\"@type\":\"ListItem\",\"position\":2,\"name\":\"Homepage (DE)\"}]},{\"@type\":\"WebSite\",\"@id\":\"https:\/\/ahelp.com\/#website\",\"url\":\"https:\/\/ahelp.com\/\",\"name\":\"AHelp\",\"description\":\"\",\"potentialAction\":[{\"@type\":\"SearchAction\",\"target\":{\"@type\":\"EntryPoint\",\"urlTemplate\":\"https:\/\/ahelp.com\/?s={search_term_string}\"},\"query-input\":{\"@type\":\"PropertyValueSpecification\",\"valueRequired\":true,\"valueName\":\"search_term_string\"}}],\"inLanguage\":\"en-US\"}]}<\/script>\n<!-- \/ Yoast SEO plugin. -->","yoast_head_json":{"title":"AHelp: Ultimative Drehscheibe f\u00fcr p\u00e4dagogische und AI-Schreibwerkzeuge","description":"AHelp: Ihr unverzichtbares Toolkit f\u00fcr Studium, Hausaufgaben und Forschung. Unsere Plattform bietet verschiedene Tools, die das Schreiben von Hausaufgaben, Aufgaben und Aufs\u00e4tzen erleichtern.","robots":{"index":"index","follow":"follow","max-snippet":"max-snippet:-1","max-image-preview":"max-image-preview:large","max-video-preview":"max-video-preview:-1"},"canonical":"https:\/\/ahelp.com\/de\/","og_locale":"en_US","og_type":"article","og_title":"AHelp: Ultimative Drehscheibe f\u00fcr p\u00e4dagogische und AI-Schreibwerkzeuge","og_description":"AHelp: Ihr unverzichtbares Toolkit f\u00fcr Studium, Hausaufgaben und Forschung. Unsere Plattform bietet verschiedene Tools, die das Schreiben von Hausaufgaben, Aufgaben und Aufs\u00e4tzen erleichtern.","og_url":"https:\/\/ahelp.com\/de\/","og_site_name":"AHelp","article_modified_time":"2025-04-22T13:55:25+00:00","twitter_card":"summary_large_image","schema":{"@context":"https:\/\/schema.org","@graph":[{"@type":"WebPage","@id":"https:\/\/ahelp.com\/de\/","url":"https:\/\/ahelp.com\/de\/","name":"AHelp: Ultimative Drehscheibe f\u00fcr p\u00e4dagogische und AI-Schreibwerkzeuge","isPartOf":{"@id":"https:\/\/ahelp.com\/#website"},"datePublished":"2024-10-31T11:29:28+00:00","dateModified":"2025-04-22T13:55:25+00:00","description":"AHelp: Ihr unverzichtbares Toolkit f\u00fcr Studium, Hausaufgaben und Forschung. Unsere Plattform bietet verschiedene Tools, die das Schreiben von Hausaufgaben, Aufgaben und Aufs\u00e4tzen erleichtern.","breadcrumb":{"@id":"https:\/\/ahelp.com\/de\/#breadcrumb"},"inLanguage":"en-US","potentialAction":[{"@type":"ReadAction","target":["https:\/\/ahelp.com\/de\/"]}]},{"@type":"BreadcrumbList","@id":"https:\/\/ahelp.com\/de\/#breadcrumb","itemListElement":[{"@type":"ListItem","position":1,"name":"Home","item":"https:\/\/ahelp.com\/"},{"@type":"ListItem","position":2,"name":"Homepage (DE)"}]},{"@type":"WebSite","@id":"https:\/\/ahelp.com\/#website","url":"https:\/\/ahelp.com\/","name":"AHelp","description":"","potentialAction":[{"@type":"SearchAction","target":{"@type":"EntryPoint","urlTemplate":"https:\/\/ahelp.com\/?s={search_term_string}"},"query-input":{"@type":"PropertyValueSpecification","valueRequired":true,"valueName":"search_term_string"}}],"inLanguage":"en-US"}]}},"_links":{"self":[{"href":"https:\/\/ahelp.com\/wp-json\/wp\/v2\/pages\/2430","targetHints":{"allow":["GET"]}}],"collection":[{"href":"https:\/\/ahelp.com\/wp-json\/wp\/v2\/pages"}],"about":[{"href":"https:\/\/ahelp.com\/wp-json\/wp\/v2\/types\/page"}],"author":[{"embeddable":true,"href":"https:\/\/ahelp.com\/wp-json\/wp\/v2\/users\/6"}],"replies":[{"embeddable":true,"href":"https:\/\/ahelp.com\/wp-json\/wp\/v2\/comments?post=2430"}],"version-history":[{"count":8,"href":"https:\/\/ahelp.com\/wp-json\/wp\/v2\/pages\/2430\/revisions"}],"predecessor-version":[{"id":8296,"href":"https:\/\/ahelp.com\/wp-json\/wp\/v2\/pages\/2430\/revisions\/8296"}],"wp:attachment":[{"href":"https:\/\/ahelp.com\/wp-json\/wp\/v2\/media?parent=2430"}],"curies":[{"name":"wp","href":"https:\/\/api.w.org\/{rel}","templated":true}]}}