{"id":12638,"date":"2025-04-14T16:49:46","date_gmt":"2025-04-14T16:49:46","guid":{"rendered":"https:\/\/domdata.pl\/?page_id=12638"},"modified":"2025-04-15T04:22:39","modified_gmt":"2025-04-15T04:22:39","slug":"staz","status":"publish","type":"page","link":"https:\/\/domdata.pl\/staz\/","title":{"rendered":"Sta\u017c"},"content":{"rendered":"","protected":false},"excerpt":{"rendered":"","protected":false},"author":13,"featured_media":0,"parent":0,"menu_order":0,"comment_status":"closed","ping_status":"closed","template":"page_staz.php","meta":{"footnotes":""},"class_list":["post-12638","page","type-page","status-publish","hentry"],"yoast_head":"<!-- This site is optimized with the Yoast SEO plugin v23.4 - https:\/\/yoast.com\/wordpress\/plugins\/seo\/ -->\n<title>Sta\u017c | Pozna\u0144 - DomData<\/title>\n<meta name=\"description\" content=\"DomData \u27a4 Sta\u017c \u2714\ufe0f Dostawca system\u00f3w informatycznych \u2714\ufe0f Rozwi\u0105zania biznesowe dla bankowo\u015bci oraz przedsi\u0119biorstw \u2b50 Sprawd\u017a!&quot;\" \/>\n<meta name=\"robots\" content=\"index, follow, max-snippet:-1, max-image-preview:large, max-video-preview:-1\" \/>\n<link rel=\"canonical\" href=\"https:\/\/domdata.pl\/staz\/\" \/>\n<meta property=\"og:locale\" content=\"pl_PL\" \/>\n<meta property=\"og:type\" content=\"article\" \/>\n<meta property=\"og:title\" content=\"Sta\u017c | Pozna\u0144 - DomData\" \/>\n<meta property=\"og:description\" content=\"DomData \u27a4 Sta\u017c \u2714\ufe0f Dostawca system\u00f3w informatycznych \u2714\ufe0f Rozwi\u0105zania biznesowe dla bankowo\u015bci oraz przedsi\u0119biorstw \u2b50 Sprawd\u017a!&quot;\" \/>\n<meta property=\"og:url\" content=\"https:\/\/domdata.pl\/staz\/\" \/>\n<meta property=\"og:site_name\" content=\"DomData\" \/>\n<meta property=\"article:publisher\" content=\"https:\/\/www.facebook.com\/DomDataAG\" \/>\n<meta property=\"article:modified_time\" content=\"2025-04-15T04:22:39+00:00\" \/>\n<meta name=\"twitter:card\" content=\"summary_large_image\" \/>\n<script type=\"application\/ld+json\" class=\"yoast-schema-graph\">{\"@context\":\"https:\/\/schema.org\",\"@graph\":[{\"@type\":\"WebPage\",\"@id\":\"https:\/\/domdata.pl\/staz\/\",\"url\":\"https:\/\/domdata.pl\/staz\/\",\"name\":\"Sta\u017c | Pozna\u0144 - DomData\",\"isPartOf\":{\"@id\":\"https:\/\/domdata.pl\/#website\"},\"datePublished\":\"2025-04-14T16:49:46+00:00\",\"dateModified\":\"2025-04-15T04:22:39+00:00\",\"description\":\"DomData \u27a4 Sta\u017c \u2714\ufe0f Dostawca system\u00f3w informatycznych \u2714\ufe0f Rozwi\u0105zania biznesowe dla bankowo\u015bci oraz przedsi\u0119biorstw \u2b50 Sprawd\u017a!\\\"\",\"inLanguage\":\"pl-PL\",\"potentialAction\":[{\"@type\":\"ReadAction\",\"target\":[\"https:\/\/domdata.pl\/staz\/\"]}]},{\"@type\":\"WebSite\",\"@id\":\"https:\/\/domdata.pl\/#website\",\"url\":\"https:\/\/domdata.pl\/\",\"name\":\"DomData\",\"description\":\"\",\"publisher\":{\"@id\":\"https:\/\/domdata.pl\/#organization\"},\"potentialAction\":[{\"@type\":\"SearchAction\",\"target\":{\"@type\":\"EntryPoint\",\"urlTemplate\":\"https:\/\/domdata.pl\/?s={search_term_string}\"},\"query-input\":{\"@type\":\"PropertyValueSpecification\",\"valueRequired\":true,\"valueName\":\"search_term_string\"}}],\"inLanguage\":\"pl-PL\"},{\"@type\":\"Organization\",\"@id\":\"https:\/\/domdata.pl\/#organization\",\"name\":\"DomData\",\"url\":\"https:\/\/domdata.pl\/\",\"logo\":{\"@type\":\"ImageObject\",\"inLanguage\":\"pl-PL\",\"@id\":\"https:\/\/domdata.pl\/#\/schema\/logo\/image\/\",\"url\":\"https:\/\/domdata.pl\/wp-content\/uploads\/2020\/05\/logo.svg\",\"contentUrl\":\"https:\/\/domdata.pl\/wp-content\/uploads\/2020\/05\/logo.svg\",\"width\":178,\"height\":24,\"caption\":\"DomData\"},\"image\":{\"@id\":\"https:\/\/domdata.pl\/#\/schema\/logo\/image\/\"},\"sameAs\":[\"https:\/\/www.facebook.com\/DomDataAG\",\"https:\/\/www.linkedin.com\/company\/3131848\/admin\/\",\"https:\/\/www.youtube.com\/channel\/UCPJzn6y2v7jqik4XXGLPJ9w\"]}]}<\/script>\n<!-- \/ Yoast SEO plugin. -->","yoast_head_json":{"title":"Sta\u017c | Pozna\u0144 - DomData","description":"DomData \u27a4 Sta\u017c \u2714\ufe0f Dostawca system\u00f3w informatycznych \u2714\ufe0f Rozwi\u0105zania biznesowe dla bankowo\u015bci oraz przedsi\u0119biorstw \u2b50 Sprawd\u017a!\"","robots":{"index":"index","follow":"follow","max-snippet":"max-snippet:-1","max-image-preview":"max-image-preview:large","max-video-preview":"max-video-preview:-1"},"canonical":"https:\/\/domdata.pl\/staz\/","og_locale":"pl_PL","og_type":"article","og_title":"Sta\u017c | Pozna\u0144 - DomData","og_description":"DomData \u27a4 Sta\u017c \u2714\ufe0f Dostawca system\u00f3w informatycznych \u2714\ufe0f Rozwi\u0105zania biznesowe dla bankowo\u015bci oraz przedsi\u0119biorstw \u2b50 Sprawd\u017a!\"","og_url":"https:\/\/domdata.pl\/staz\/","og_site_name":"DomData","article_publisher":"https:\/\/www.facebook.com\/DomDataAG","article_modified_time":"2025-04-15T04:22:39+00:00","twitter_card":"summary_large_image","schema":{"@context":"https:\/\/schema.org","@graph":[{"@type":"WebPage","@id":"https:\/\/domdata.pl\/staz\/","url":"https:\/\/domdata.pl\/staz\/","name":"Sta\u017c | Pozna\u0144 - DomData","isPartOf":{"@id":"https:\/\/domdata.pl\/#website"},"datePublished":"2025-04-14T16:49:46+00:00","dateModified":"2025-04-15T04:22:39+00:00","description":"DomData \u27a4 Sta\u017c \u2714\ufe0f Dostawca system\u00f3w informatycznych \u2714\ufe0f Rozwi\u0105zania biznesowe dla bankowo\u015bci oraz przedsi\u0119biorstw \u2b50 Sprawd\u017a!\"","inLanguage":"pl-PL","potentialAction":[{"@type":"ReadAction","target":["https:\/\/domdata.pl\/staz\/"]}]},{"@type":"WebSite","@id":"https:\/\/domdata.pl\/#website","url":"https:\/\/domdata.pl\/","name":"DomData","description":"","publisher":{"@id":"https:\/\/domdata.pl\/#organization"},"potentialAction":[{"@type":"SearchAction","target":{"@type":"EntryPoint","urlTemplate":"https:\/\/domdata.pl\/?s={search_term_string}"},"query-input":{"@type":"PropertyValueSpecification","valueRequired":true,"valueName":"search_term_string"}}],"inLanguage":"pl-PL"},{"@type":"Organization","@id":"https:\/\/domdata.pl\/#organization","name":"DomData","url":"https:\/\/domdata.pl\/","logo":{"@type":"ImageObject","inLanguage":"pl-PL","@id":"https:\/\/domdata.pl\/#\/schema\/logo\/image\/","url":"https:\/\/domdata.pl\/wp-content\/uploads\/2020\/05\/logo.svg","contentUrl":"https:\/\/domdata.pl\/wp-content\/uploads\/2020\/05\/logo.svg","width":178,"height":24,"caption":"DomData"},"image":{"@id":"https:\/\/domdata.pl\/#\/schema\/logo\/image\/"},"sameAs":["https:\/\/www.facebook.com\/DomDataAG","https:\/\/www.linkedin.com\/company\/3131848\/admin\/","https:\/\/www.youtube.com\/channel\/UCPJzn6y2v7jqik4XXGLPJ9w"]}]}},"_links":{"self":[{"href":"https:\/\/domdata.pl\/wp-json\/wp\/v2\/pages\/12638","targetHints":{"allow":["GET"]}}],"collection":[{"href":"https:\/\/domdata.pl\/wp-json\/wp\/v2\/pages"}],"about":[{"href":"https:\/\/domdata.pl\/wp-json\/wp\/v2\/types\/page"}],"author":[{"embeddable":true,"href":"https:\/\/domdata.pl\/wp-json\/wp\/v2\/users\/13"}],"replies":[{"embeddable":true,"href":"https:\/\/domdata.pl\/wp-json\/wp\/v2\/comments?post=12638"}],"version-history":[{"count":2,"href":"https:\/\/domdata.pl\/wp-json\/wp\/v2\/pages\/12638\/revisions"}],"predecessor-version":[{"id":12664,"href":"https:\/\/domdata.pl\/wp-json\/wp\/v2\/pages\/12638\/revisions\/12664"}],"wp:attachment":[{"href":"https:\/\/domdata.pl\/wp-json\/wp\/v2\/media?parent=12638"}],"curies":[{"name":"wp","href":"https:\/\/api.w.org\/{rel}","templated":true}]}}