{"id":12754,"date":"2021-02-09T13:10:17","date_gmt":"2021-02-09T13:10:17","guid":{"rendered":"https:\/\/demo.goodlayers.com\/corzo\/finance\/?page_id=12754"},"modified":"2023-07-16T17:05:45","modified_gmt":"2023-07-16T15:05:45","slug":"din-leverandor-av-reklameartikler","status":"publish","type":"page","link":"https:\/\/profiltex.no\/","title":{"rendered":"HJEM"},"content":{"rendered":"","protected":false},"excerpt":{"rendered":"","protected":false},"author":1,"featured_media":0,"parent":0,"menu_order":0,"comment_status":"closed","ping_status":"closed","template":"","meta":{"_monsterinsights_skip_tracking":false,"_monsterinsights_sitenote_active":false,"_monsterinsights_sitenote_note":"","_monsterinsights_sitenote_category":0,"footnotes":""},"class_list":["post-12754","page","type-page","status-publish","hentry"],"yoast_head":"<!-- This site is optimized with the Yoast SEO plugin v27.1.1 - https:\/\/yoast.com\/product\/yoast-seo-wordpress\/ -->\n<title>Reklameartikler for bedrifter, firmakl\u00e6r, messemateriell<\/title>\n<meta name=\"description\" content=\"Profiltex har et stort produktutvalg innenfor reklameartikler og kl\u00e6r. Vi finner produkt som passer dine \u00f8nsker og bruksomr\u00e5der.\" \/>\n<meta name=\"robots\" content=\"index, follow, max-snippet:-1, max-image-preview:large, max-video-preview:-1\" \/>\n<link rel=\"canonical\" href=\"https:\/\/profiltex.no\/\" \/>\n<meta property=\"og:locale\" content=\"en_GB\" \/>\n<meta property=\"og:type\" content=\"article\" \/>\n<meta property=\"og:title\" content=\"Reklameartikler for bedrifter, firmakl\u00e6r, messemateriell\" \/>\n<meta property=\"og:description\" content=\"Profiltex har et stort produktutvalg innenfor reklameartikler og kl\u00e6r. Vi finner produkt som passer dine \u00f8nsker og bruksomr\u00e5der.\" \/>\n<meta property=\"og:url\" content=\"https:\/\/profiltex.no\/\" \/>\n<meta property=\"og:site_name\" content=\"Profiltex\" \/>\n<meta property=\"article:publisher\" content=\"https:\/\/www.facebook.com\/profile.php?id=100063656764237\" \/>\n<meta property=\"article:modified_time\" content=\"2023-07-16T15:05:45+00:00\" \/>\n<meta name=\"twitter:card\" content=\"summary_large_image\" \/>\n<script type=\"application\/ld+json\" class=\"yoast-schema-graph\">{\"@context\":\"https:\/\/schema.org\",\"@graph\":[{\"@type\":\"WebPage\",\"@id\":\"https:\/\/profiltex.no\/\",\"url\":\"https:\/\/profiltex.no\/\",\"name\":\"Reklameartikler for bedrifter, firmakl\u00e6r, messemateriell\",\"isPartOf\":{\"@id\":\"https:\/\/profiltex.no\/#website\"},\"datePublished\":\"2021-02-09T13:10:17+00:00\",\"dateModified\":\"2023-07-16T15:05:45+00:00\",\"description\":\"Profiltex har et stort produktutvalg innenfor reklameartikler og kl\u00e6r. Vi finner produkt som passer dine \u00f8nsker og bruksomr\u00e5der.\",\"breadcrumb\":{\"@id\":\"https:\/\/profiltex.no\/#breadcrumb\"},\"inLanguage\":\"en-GB\",\"potentialAction\":[{\"@type\":\"ReadAction\",\"target\":[\"https:\/\/profiltex.no\/\"]}]},{\"@type\":\"BreadcrumbList\",\"@id\":\"https:\/\/profiltex.no\/#breadcrumb\",\"itemListElement\":[{\"@type\":\"ListItem\",\"position\":1,\"name\":\"Home\",\"item\":\"https:\/\/profiltex.no\/\"},{\"@type\":\"ListItem\",\"position\":2,\"name\":\"HJEM\"}]},{\"@type\":\"WebSite\",\"@id\":\"https:\/\/profiltex.no\/#website\",\"url\":\"https:\/\/profiltex.no\/\",\"name\":\"Profiltex\",\"description\":\"Profilartikler, messe og gaver\",\"publisher\":{\"@id\":\"https:\/\/profiltex.no\/#organization\"},\"potentialAction\":[{\"@type\":\"SearchAction\",\"target\":{\"@type\":\"EntryPoint\",\"urlTemplate\":\"https:\/\/profiltex.no\/?s={search_term_string}\"},\"query-input\":{\"@type\":\"PropertyValueSpecification\",\"valueRequired\":true,\"valueName\":\"search_term_string\"}}],\"inLanguage\":\"en-GB\"},{\"@type\":\"Organization\",\"@id\":\"https:\/\/profiltex.no\/#organization\",\"name\":\"Profiltex\",\"url\":\"https:\/\/profiltex.no\/\",\"logo\":{\"@type\":\"ImageObject\",\"inLanguage\":\"en-GB\",\"@id\":\"https:\/\/profiltex.no\/#\/schema\/logo\/image\/\",\"url\":\"https:\/\/profiltex.no\/wp-content\/uploads\/2022\/11\/profiltex_logo2.jpg\",\"contentUrl\":\"https:\/\/profiltex.no\/wp-content\/uploads\/2022\/11\/profiltex_logo2.jpg\",\"width\":800,\"height\":348,\"caption\":\"Profiltex\"},\"image\":{\"@id\":\"https:\/\/profiltex.no\/#\/schema\/logo\/image\/\"},\"sameAs\":[\"https:\/\/www.facebook.com\/profile.php?id=100063656764237\",\"https:\/\/www.linkedin.com\/in\/tom-christian-henriksen-77743032\/\",\"https:\/\/www.instagram.com\/goldspot_oslo\/\"]}]}<\/script>\n<!-- \/ Yoast SEO plugin. -->","yoast_head_json":{"title":"Reklameartikler for bedrifter, firmakl\u00e6r, messemateriell","description":"Profiltex har et stort produktutvalg innenfor reklameartikler og kl\u00e6r. Vi finner produkt som passer dine \u00f8nsker og bruksomr\u00e5der.","robots":{"index":"index","follow":"follow","max-snippet":"max-snippet:-1","max-image-preview":"max-image-preview:large","max-video-preview":"max-video-preview:-1"},"canonical":"https:\/\/profiltex.no\/","og_locale":"en_GB","og_type":"article","og_title":"Reklameartikler for bedrifter, firmakl\u00e6r, messemateriell","og_description":"Profiltex har et stort produktutvalg innenfor reklameartikler og kl\u00e6r. Vi finner produkt som passer dine \u00f8nsker og bruksomr\u00e5der.","og_url":"https:\/\/profiltex.no\/","og_site_name":"Profiltex","article_publisher":"https:\/\/www.facebook.com\/profile.php?id=100063656764237","article_modified_time":"2023-07-16T15:05:45+00:00","twitter_card":"summary_large_image","schema":{"@context":"https:\/\/schema.org","@graph":[{"@type":"WebPage","@id":"https:\/\/profiltex.no\/","url":"https:\/\/profiltex.no\/","name":"Reklameartikler for bedrifter, firmakl\u00e6r, messemateriell","isPartOf":{"@id":"https:\/\/profiltex.no\/#website"},"datePublished":"2021-02-09T13:10:17+00:00","dateModified":"2023-07-16T15:05:45+00:00","description":"Profiltex har et stort produktutvalg innenfor reklameartikler og kl\u00e6r. Vi finner produkt som passer dine \u00f8nsker og bruksomr\u00e5der.","breadcrumb":{"@id":"https:\/\/profiltex.no\/#breadcrumb"},"inLanguage":"en-GB","potentialAction":[{"@type":"ReadAction","target":["https:\/\/profiltex.no\/"]}]},{"@type":"BreadcrumbList","@id":"https:\/\/profiltex.no\/#breadcrumb","itemListElement":[{"@type":"ListItem","position":1,"name":"Home","item":"https:\/\/profiltex.no\/"},{"@type":"ListItem","position":2,"name":"HJEM"}]},{"@type":"WebSite","@id":"https:\/\/profiltex.no\/#website","url":"https:\/\/profiltex.no\/","name":"Profiltex","description":"Profilartikler, messe og gaver","publisher":{"@id":"https:\/\/profiltex.no\/#organization"},"potentialAction":[{"@type":"SearchAction","target":{"@type":"EntryPoint","urlTemplate":"https:\/\/profiltex.no\/?s={search_term_string}"},"query-input":{"@type":"PropertyValueSpecification","valueRequired":true,"valueName":"search_term_string"}}],"inLanguage":"en-GB"},{"@type":"Organization","@id":"https:\/\/profiltex.no\/#organization","name":"Profiltex","url":"https:\/\/profiltex.no\/","logo":{"@type":"ImageObject","inLanguage":"en-GB","@id":"https:\/\/profiltex.no\/#\/schema\/logo\/image\/","url":"https:\/\/profiltex.no\/wp-content\/uploads\/2022\/11\/profiltex_logo2.jpg","contentUrl":"https:\/\/profiltex.no\/wp-content\/uploads\/2022\/11\/profiltex_logo2.jpg","width":800,"height":348,"caption":"Profiltex"},"image":{"@id":"https:\/\/profiltex.no\/#\/schema\/logo\/image\/"},"sameAs":["https:\/\/www.facebook.com\/profile.php?id=100063656764237","https:\/\/www.linkedin.com\/in\/tom-christian-henriksen-77743032\/","https:\/\/www.instagram.com\/goldspot_oslo\/"]}]}},"_links":{"self":[{"href":"https:\/\/profiltex.no\/wp-json\/wp\/v2\/pages\/12754","targetHints":{"allow":["GET"]}}],"collection":[{"href":"https:\/\/profiltex.no\/wp-json\/wp\/v2\/pages"}],"about":[{"href":"https:\/\/profiltex.no\/wp-json\/wp\/v2\/types\/page"}],"author":[{"embeddable":true,"href":"https:\/\/profiltex.no\/wp-json\/wp\/v2\/users\/1"}],"replies":[{"embeddable":true,"href":"https:\/\/profiltex.no\/wp-json\/wp\/v2\/comments?post=12754"}],"version-history":[{"count":5,"href":"https:\/\/profiltex.no\/wp-json\/wp\/v2\/pages\/12754\/revisions"}],"predecessor-version":[{"id":14420,"href":"https:\/\/profiltex.no\/wp-json\/wp\/v2\/pages\/12754\/revisions\/14420"}],"wp:attachment":[{"href":"https:\/\/profiltex.no\/wp-json\/wp\/v2\/media?parent=12754"}],"curies":[{"name":"wp","href":"https:\/\/api.w.org\/{rel}","templated":true}]}}