{"id":123780,"date":"2023-02-09T18:58:36","date_gmt":"2023-02-09T15:58:36","guid":{"rendered":"http:\/\/walltopia.com\/strona-glowna-pl\/"},"modified":"2026-01-28T11:16:28","modified_gmt":"2026-01-28T08:16:28","slug":"strona-glowna-pl","status":"publish","type":"page","link":"https:\/\/walltopia.com\/pl\/","title":{"rendered":"Strona g\u0142\u00f3wna PL"},"content":{"rendered":"","protected":false},"excerpt":{"rendered":"","protected":false},"author":22,"featured_media":0,"parent":0,"menu_order":0,"comment_status":"closed","ping_status":"closed","template":"page-new-home.php","meta":{"_acf_changed":false,"inline_featured_image":false,"footnotes":""},"class_list":["post-123780","page","type-page","status-publish","hentry"],"acf":[],"yoast_head":"<!-- This site is optimized with the Yoast SEO Premium plugin v27.0 (Yoast SEO v27.0) - https:\/\/yoast.com\/product\/yoast-seo-premium-wordpress\/ -->\n<title>Walltopia - Rozwi\u0105zania wspinaczkowe i przygodowe pod klucz<\/title>\n<meta name=\"description\" content=\"Wyj\u0105tkowe produkty i us\u0142ugi dla w\u0142a\u015bcicieli i operator\u00f3w w bran\u017cy wspinaczkowej i aktywnej rozrywki.\" \/>\n<meta name=\"robots\" content=\"index, follow, max-snippet:-1, max-image-preview:large, max-video-preview:-1\" \/>\n<link rel=\"canonical\" href=\"https:\/\/walltopia.com\/pl\/\" \/>\n<meta property=\"og:locale\" content=\"pl_PL\" \/>\n<meta property=\"og:type\" content=\"article\" \/>\n<meta property=\"og:title\" content=\"Strona g\u0142\u00f3wna PL\" \/>\n<meta property=\"og:description\" content=\"Wyj\u0105tkowe produkty i us\u0142ugi dla w\u0142a\u015bcicieli i operator\u00f3w w bran\u017cy wspinaczkowej i aktywnej rozrywki.\" \/>\n<meta property=\"og:url\" content=\"https:\/\/walltopia.com\/pl\/\" \/>\n<meta property=\"og:site_name\" content=\"Walltopia\" \/>\n<meta property=\"article:publisher\" content=\"https:\/\/www.facebook.com\/walltopiaclimbing\/\" \/>\n<meta property=\"article:modified_time\" content=\"2026-01-28T08:16:28+00:00\" \/>\n<meta name=\"twitter:card\" content=\"summary_large_image\" \/>\n<meta name=\"twitter:site\" content=\"@walltopiabg\" \/>\n<script type=\"application\/ld+json\" class=\"yoast-schema-graph\">{\"@context\":\"https:\/\/schema.org\",\"@graph\":[{\"@type\":\"WebPage\",\"@id\":\"https:\/\/walltopia.com\/pl\/\",\"url\":\"https:\/\/walltopia.com\/pl\/\",\"name\":\"Walltopia - Rozwi\u0105zania wspinaczkowe i przygodowe pod klucz\",\"isPartOf\":{\"@id\":\"https:\/\/walltopia.com\/pl\/#website\"},\"datePublished\":\"2023-02-09T15:58:36+00:00\",\"dateModified\":\"2026-01-28T08:16:28+00:00\",\"description\":\"Wyj\u0105tkowe produkty i us\u0142ugi dla w\u0142a\u015bcicieli i operator\u00f3w w bran\u017cy wspinaczkowej i aktywnej rozrywki.\",\"breadcrumb\":{\"@id\":\"https:\/\/walltopia.com\/pl\/#breadcrumb\"},\"inLanguage\":\"pl-PL\",\"potentialAction\":[{\"@type\":\"ReadAction\",\"target\":[\"https:\/\/walltopia.com\/pl\/\"]}]},{\"@type\":\"BreadcrumbList\",\"@id\":\"https:\/\/walltopia.com\/pl\/#breadcrumb\",\"itemListElement\":[{\"@type\":\"ListItem\",\"position\":1,\"name\":\"Home\",\"item\":\"https:\/\/walltopia.com\/pl\/strona-glowna-pl\/\"},{\"@type\":\"ListItem\",\"position\":2,\"name\":\"Strona g\u0142\u00f3wna PL\"}]},{\"@type\":\"WebSite\",\"@id\":\"https:\/\/walltopia.com\/pl\/#website\",\"url\":\"https:\/\/walltopia.com\/pl\/\",\"name\":\"Walltopia\",\"description\":\"World leader in the design and production of climbing walls and active entertainment attractions\",\"publisher\":{\"@id\":\"https:\/\/walltopia.com\/pl\/#organization\"},\"potentialAction\":[{\"@type\":\"SearchAction\",\"target\":{\"@type\":\"EntryPoint\",\"urlTemplate\":\"https:\/\/walltopia.com\/pl\/?s={search_term_string}\"},\"query-input\":{\"@type\":\"PropertyValueSpecification\",\"valueRequired\":true,\"valueName\":\"search_term_string\"}}],\"inLanguage\":\"pl-PL\"},{\"@type\":\"Organization\",\"@id\":\"https:\/\/walltopia.com\/pl\/#organization\",\"name\":\"Walltopia\",\"url\":\"https:\/\/walltopia.com\/pl\/\",\"logo\":{\"@type\":\"ImageObject\",\"inLanguage\":\"pl-PL\",\"@id\":\"https:\/\/walltopia.com\/pl\/#\/schema\/logo\/image\/\",\"url\":\"\",\"contentUrl\":\"\",\"caption\":\"Walltopia\"},\"image\":{\"@id\":\"https:\/\/walltopia.com\/pl\/#\/schema\/logo\/image\/\"},\"sameAs\":[\"https:\/\/www.facebook.com\/walltopiaclimbing\/\",\"https:\/\/x.com\/walltopiabg\",\"https:\/\/www.instagram.com\/walltopia.active\/\",\"https:\/\/www.linkedin.com\/company\/walltopia-ltd.\",\"https:\/\/www.youtube.com\/user\/WALLTOPIA\"]}]}<\/script>\n<!-- \/ Yoast SEO Premium plugin. -->","yoast_head_json":{"title":"Walltopia - Rozwi\u0105zania wspinaczkowe i przygodowe pod klucz","description":"Wyj\u0105tkowe produkty i us\u0142ugi dla w\u0142a\u015bcicieli i operator\u00f3w w bran\u017cy wspinaczkowej i aktywnej rozrywki.","robots":{"index":"index","follow":"follow","max-snippet":"max-snippet:-1","max-image-preview":"max-image-preview:large","max-video-preview":"max-video-preview:-1"},"canonical":"https:\/\/walltopia.com\/pl\/","og_locale":"pl_PL","og_type":"article","og_title":"Strona g\u0142\u00f3wna PL","og_description":"Wyj\u0105tkowe produkty i us\u0142ugi dla w\u0142a\u015bcicieli i operator\u00f3w w bran\u017cy wspinaczkowej i aktywnej rozrywki.","og_url":"https:\/\/walltopia.com\/pl\/","og_site_name":"Walltopia","article_publisher":"https:\/\/www.facebook.com\/walltopiaclimbing\/","article_modified_time":"2026-01-28T08:16:28+00:00","twitter_card":"summary_large_image","twitter_site":"@walltopiabg","schema":{"@context":"https:\/\/schema.org","@graph":[{"@type":"WebPage","@id":"https:\/\/walltopia.com\/pl\/","url":"https:\/\/walltopia.com\/pl\/","name":"Walltopia - Rozwi\u0105zania wspinaczkowe i przygodowe pod klucz","isPartOf":{"@id":"https:\/\/walltopia.com\/pl\/#website"},"datePublished":"2023-02-09T15:58:36+00:00","dateModified":"2026-01-28T08:16:28+00:00","description":"Wyj\u0105tkowe produkty i us\u0142ugi dla w\u0142a\u015bcicieli i operator\u00f3w w bran\u017cy wspinaczkowej i aktywnej rozrywki.","breadcrumb":{"@id":"https:\/\/walltopia.com\/pl\/#breadcrumb"},"inLanguage":"pl-PL","potentialAction":[{"@type":"ReadAction","target":["https:\/\/walltopia.com\/pl\/"]}]},{"@type":"BreadcrumbList","@id":"https:\/\/walltopia.com\/pl\/#breadcrumb","itemListElement":[{"@type":"ListItem","position":1,"name":"Home","item":"https:\/\/walltopia.com\/pl\/strona-glowna-pl\/"},{"@type":"ListItem","position":2,"name":"Strona g\u0142\u00f3wna PL"}]},{"@type":"WebSite","@id":"https:\/\/walltopia.com\/pl\/#website","url":"https:\/\/walltopia.com\/pl\/","name":"Walltopia","description":"World leader in the design and production of climbing walls and active entertainment attractions","publisher":{"@id":"https:\/\/walltopia.com\/pl\/#organization"},"potentialAction":[{"@type":"SearchAction","target":{"@type":"EntryPoint","urlTemplate":"https:\/\/walltopia.com\/pl\/?s={search_term_string}"},"query-input":{"@type":"PropertyValueSpecification","valueRequired":true,"valueName":"search_term_string"}}],"inLanguage":"pl-PL"},{"@type":"Organization","@id":"https:\/\/walltopia.com\/pl\/#organization","name":"Walltopia","url":"https:\/\/walltopia.com\/pl\/","logo":{"@type":"ImageObject","inLanguage":"pl-PL","@id":"https:\/\/walltopia.com\/pl\/#\/schema\/logo\/image\/","url":"","contentUrl":"","caption":"Walltopia"},"image":{"@id":"https:\/\/walltopia.com\/pl\/#\/schema\/logo\/image\/"},"sameAs":["https:\/\/www.facebook.com\/walltopiaclimbing\/","https:\/\/x.com\/walltopiabg","https:\/\/www.instagram.com\/walltopia.active\/","https:\/\/www.linkedin.com\/company\/walltopia-ltd.","https:\/\/www.youtube.com\/user\/WALLTOPIA"]}]}},"_links":{"self":[{"href":"https:\/\/walltopia.com\/pl\/wp-json\/wp\/v2\/pages\/123780","targetHints":{"allow":["GET"]}}],"collection":[{"href":"https:\/\/walltopia.com\/pl\/wp-json\/wp\/v2\/pages"}],"about":[{"href":"https:\/\/walltopia.com\/pl\/wp-json\/wp\/v2\/types\/page"}],"author":[{"embeddable":true,"href":"https:\/\/walltopia.com\/pl\/wp-json\/wp\/v2\/users\/22"}],"replies":[{"embeddable":true,"href":"https:\/\/walltopia.com\/pl\/wp-json\/wp\/v2\/comments?post=123780"}],"version-history":[{"count":1,"href":"https:\/\/walltopia.com\/pl\/wp-json\/wp\/v2\/pages\/123780\/revisions"}],"predecessor-version":[{"id":387101,"href":"https:\/\/walltopia.com\/pl\/wp-json\/wp\/v2\/pages\/123780\/revisions\/387101"}],"wp:attachment":[{"href":"https:\/\/walltopia.com\/pl\/wp-json\/wp\/v2\/media?parent=123780"}],"curies":[{"name":"wp","href":"https:\/\/api.w.org\/{rel}","templated":true}]}}