{"id":11,"date":"2024-08-25T15:29:17","date_gmt":"2024-08-25T13:29:17","guid":{"rendered":"http:\/\/mapetitecopine.com\/homepage-directory\/"},"modified":"2024-08-27T19:18:11","modified_gmt":"2024-08-27T17:18:11","slug":"homepage-directory","status":"publish","type":"page","link":"https:\/\/mapetitecopine.com\/","title":{"rendered":""},"content":{"rendered":"<p style=\"text-align: center;\">Salut et bienvenue sur MaPetiteCopine.com ! Moi c&rsquo;est Greg, 26 ans. Ma copine c&rsquo;est L\u00e9a, 23 ans. Nous avons cr\u00e9e ce site apr\u00e8s un \u00e9claire de g\u00e9nie de ma dulcin\u00e9e qui voulait partager en ligne son\u00a0<b>Top sites Porno pour adultes<\/b>\u00a0avec les internautes du monde entier. Car oui, les femmes aussi adorent le porno, enfin certaines&#8230; C&rsquo;est le cas de la mienne alors je ne vais pas me plaindre. Mais moi aussi, j&rsquo;ai mis mon petit grain de sel \u00e0 la cr\u00e9ation de cette Toplist ! Alors profite bien de toutes ces adresses incontournables si tu souhaites passer un bon moment en ligne sur des sites coquins qui sortent du commun. Si tu veux en savoir plus sur nous, ou si tu penses qu&rsquo;un site est absent alors qu&rsquo;il devrait figur\u00e9 dans notre Top sites Porno pour adultes, alors tu trouveras toutes les infos pour nous contacter un peu plus bas sur cette page ! En attendant prends ton pied et profite bien de cette liste !<\/p>\n","protected":false},"excerpt":{"rendered":"<p>Salut et bienvenue sur MaPetiteCopine.com ! Moi c&rsquo;est Greg, 26 ans. Ma copine c&rsquo;est L\u00e9a, 23 ans. Nous avons cr\u00e9e ce site apr\u00e8s un \u00e9claire de g\u00e9nie de ma dulcin\u00e9e qui voulait partager en ligne son\u00a0Top sites Porno pour adultes\u00a0avec les internautes du monde entier. Car oui, les femmes aussi adorent le porno, enfin certaines&#8230;&#8230; <a class=\"moretag\" href=\"https:\/\/mapetitecopine.com\/\">[Read the full review]<\/a><\/p>\n","protected":false},"author":1,"featured_media":0,"parent":0,"menu_order":0,"comment_status":"closed","ping_status":"closed","template":"page-directory.php","meta":{"_acf_changed":false,"footnotes":""},"class_list":["post-11","page","type-page","status-publish","hentry"],"acf":[],"_links":{"self":[{"href":"https:\/\/mapetitecopine.com\/wp-json\/wp\/v2\/pages\/11","targetHints":{"allow":["GET"]}}],"collection":[{"href":"https:\/\/mapetitecopine.com\/wp-json\/wp\/v2\/pages"}],"about":[{"href":"https:\/\/mapetitecopine.com\/wp-json\/wp\/v2\/types\/page"}],"author":[{"embeddable":true,"href":"https:\/\/mapetitecopine.com\/wp-json\/wp\/v2\/users\/1"}],"replies":[{"embeddable":true,"href":"https:\/\/mapetitecopine.com\/wp-json\/wp\/v2\/comments?post=11"}],"version-history":[{"count":4,"href":"https:\/\/mapetitecopine.com\/wp-json\/wp\/v2\/pages\/11\/revisions"}],"predecessor-version":[{"id":256,"href":"https:\/\/mapetitecopine.com\/wp-json\/wp\/v2\/pages\/11\/revisions\/256"}],"wp:attachment":[{"href":"https:\/\/mapetitecopine.com\/wp-json\/wp\/v2\/media?parent=11"}],"curies":[{"name":"wp","href":"https:\/\/api.w.org\/{rel}","templated":true}]}}