{"id":12,"date":"2022-12-15T13:46:20","date_gmt":"2022-12-15T12:46:20","guid":{"rendered":"https:\/\/top1000.at\/directory-top1000\/"},"modified":"2023-02-20T11:56:58","modified_gmt":"2023-02-20T10:56:58","slug":"directory-top1000","status":"publish","type":"page","link":"https:\/\/top1000.at\/","title":{"rendered":"Top1000"},"content":{"rendered":"\n\n\n\n\n<div style=\"height:67px\" aria-hidden=\"true\" class=\"wp-block-spacer\"><\/div>\n\n\n\n\n","protected":false},"excerpt":{"rendered":"","protected":false},"author":1,"featured_media":0,"parent":0,"menu_order":0,"comment_status":"closed","ping_status":"closed","template":"","meta":{"footnotes":""},"class_list":["post-12","page","type-page","status-publish","hentry"],"yoast_head":"<!-- This site is optimized with the Yoast SEO plugin v27.4 - https:\/\/yoast.com\/product\/yoast-seo-wordpress\/ -->\n<title>Top1000 - TOP 1000.at<\/title>\n<meta name=\"description\" content=\"\u00d6sterreichs gr\u00f6\u00dfte und umfangreichste Datenbank f\u00fcr die IT-Branche. Die 2.300 gr\u00f6\u00dften Hersteller, Distributoren und Dienstleister sind nach Umsatz, Firmenname, Region, Branchen und Produkten abrufbar.\" \/>\n<meta name=\"robots\" content=\"index, follow, max-snippet:-1, max-image-preview:large, max-video-preview:-1\" \/>\n<link rel=\"canonical\" href=\"https:\/\/top1000.at\/\" \/>\n<meta property=\"og:locale\" content=\"de_DE\" \/>\n<meta property=\"og:type\" content=\"article\" \/>\n<meta property=\"og:title\" content=\"Top1000 - TOP 1000.at\" \/>\n<meta property=\"og:description\" content=\"\u00d6sterreichs gr\u00f6\u00dfte und umfangreichste Datenbank f\u00fcr die IT-Branche. Die 2.300 gr\u00f6\u00dften Hersteller, Distributoren und Dienstleister sind nach Umsatz, Firmenname, Region, Branchen und Produkten abrufbar.\" \/>\n<meta property=\"og:url\" content=\"https:\/\/top1000.at\/\" \/>\n<meta property=\"og:site_name\" content=\"TOP 1000.at\" \/>\n<meta property=\"article:modified_time\" content=\"2023-02-20T10:56:58+00:00\" \/>\n<meta name=\"twitter:card\" content=\"summary_large_image\" \/>\n<meta name=\"twitter:label1\" content=\"Gesch\u00e4tzte Lesezeit\" \/>\n\t<meta name=\"twitter:data1\" content=\"1\u00a0Minute\" \/>\n<script type=\"application\/ld+json\" class=\"yoast-schema-graph\">{\"@context\":\"https:\\\/\\\/schema.org\",\"@graph\":[{\"@type\":\"WebPage\",\"@id\":\"https:\\\/\\\/top1000.at\\\/\",\"url\":\"https:\\\/\\\/top1000.at\\\/\",\"name\":\"Top1000 - TOP 1000.at\",\"isPartOf\":{\"@id\":\"https:\\\/\\\/top1000.at\\\/#website\"},\"datePublished\":\"2022-12-15T12:46:20+00:00\",\"dateModified\":\"2023-02-20T10:56:58+00:00\",\"description\":\"\u00d6sterreichs gr\u00f6\u00dfte und umfangreichste Datenbank f\u00fcr die IT-Branche. Die 2.300 gr\u00f6\u00dften Hersteller, Distributoren und Dienstleister sind nach Umsatz, Firmenname, Region, Branchen und Produkten abrufbar.\",\"breadcrumb\":{\"@id\":\"https:\\\/\\\/top1000.at\\\/#breadcrumb\"},\"inLanguage\":\"de\",\"potentialAction\":[{\"@type\":\"ReadAction\",\"target\":[\"https:\\\/\\\/top1000.at\\\/\"]}]},{\"@type\":\"BreadcrumbList\",\"@id\":\"https:\\\/\\\/top1000.at\\\/#breadcrumb\",\"itemListElement\":[{\"@type\":\"ListItem\",\"position\":1,\"name\":\"Home\",\"item\":\"https:\\\/\\\/top1000.at\\\/\"},{\"@type\":\"ListItem\",\"position\":2,\"name\":\"Top1000\"}]},{\"@type\":\"WebSite\",\"@id\":\"https:\\\/\\\/top1000.at\\\/#website\",\"url\":\"https:\\\/\\\/top1000.at\\\/\",\"name\":\"TOP 1000.at\",\"description\":\"\u00d6sterreich&#039;s gr\u00f6\u00dfte IT Unternehmen\",\"publisher\":{\"@id\":\"https:\\\/\\\/top1000.at\\\/#organization\"},\"potentialAction\":[{\"@type\":\"SearchAction\",\"target\":{\"@type\":\"EntryPoint\",\"urlTemplate\":\"https:\\\/\\\/top1000.at\\\/?s={search_term_string}\"},\"query-input\":{\"@type\":\"PropertyValueSpecification\",\"valueRequired\":true,\"valueName\":\"search_term_string\"}}],\"inLanguage\":\"de\"},{\"@type\":\"Organization\",\"@id\":\"https:\\\/\\\/top1000.at\\\/#organization\",\"name\":\"TOP 1000.at\",\"url\":\"https:\\\/\\\/top1000.at\\\/\",\"logo\":{\"@type\":\"ImageObject\",\"inLanguage\":\"de\",\"@id\":\"https:\\\/\\\/top1000.at\\\/#\\\/schema\\\/logo\\\/image\\\/\",\"url\":\"https:\\\/\\\/top1000.at\\\/wp-content\\\/uploads\\\/2024\\\/09\\\/cropped-Top1000-Logo.png\",\"contentUrl\":\"https:\\\/\\\/top1000.at\\\/wp-content\\\/uploads\\\/2024\\\/09\\\/cropped-Top1000-Logo.png\",\"width\":1570,\"height\":367,\"caption\":\"TOP 1000.at\"},\"image\":{\"@id\":\"https:\\\/\\\/top1000.at\\\/#\\\/schema\\\/logo\\\/image\\\/\"}}]}<\/script>\n<!-- \/ Yoast SEO plugin. -->","yoast_head_json":{"title":"Top1000 - TOP 1000.at","description":"\u00d6sterreichs gr\u00f6\u00dfte und umfangreichste Datenbank f\u00fcr die IT-Branche. Die 2.300 gr\u00f6\u00dften Hersteller, Distributoren und Dienstleister sind nach Umsatz, Firmenname, Region, Branchen und Produkten abrufbar.","robots":{"index":"index","follow":"follow","max-snippet":"max-snippet:-1","max-image-preview":"max-image-preview:large","max-video-preview":"max-video-preview:-1"},"canonical":"https:\/\/top1000.at\/","og_locale":"de_DE","og_type":"article","og_title":"Top1000 - TOP 1000.at","og_description":"\u00d6sterreichs gr\u00f6\u00dfte und umfangreichste Datenbank f\u00fcr die IT-Branche. Die 2.300 gr\u00f6\u00dften Hersteller, Distributoren und Dienstleister sind nach Umsatz, Firmenname, Region, Branchen und Produkten abrufbar.","og_url":"https:\/\/top1000.at\/","og_site_name":"TOP 1000.at","article_modified_time":"2023-02-20T10:56:58+00:00","twitter_card":"summary_large_image","twitter_misc":{"Gesch\u00e4tzte Lesezeit":"1\u00a0Minute"},"schema":{"@context":"https:\/\/schema.org","@graph":[{"@type":"WebPage","@id":"https:\/\/top1000.at\/","url":"https:\/\/top1000.at\/","name":"Top1000 - TOP 1000.at","isPartOf":{"@id":"https:\/\/top1000.at\/#website"},"datePublished":"2022-12-15T12:46:20+00:00","dateModified":"2023-02-20T10:56:58+00:00","description":"\u00d6sterreichs gr\u00f6\u00dfte und umfangreichste Datenbank f\u00fcr die IT-Branche. Die 2.300 gr\u00f6\u00dften Hersteller, Distributoren und Dienstleister sind nach Umsatz, Firmenname, Region, Branchen und Produkten abrufbar.","breadcrumb":{"@id":"https:\/\/top1000.at\/#breadcrumb"},"inLanguage":"de","potentialAction":[{"@type":"ReadAction","target":["https:\/\/top1000.at\/"]}]},{"@type":"BreadcrumbList","@id":"https:\/\/top1000.at\/#breadcrumb","itemListElement":[{"@type":"ListItem","position":1,"name":"Home","item":"https:\/\/top1000.at\/"},{"@type":"ListItem","position":2,"name":"Top1000"}]},{"@type":"WebSite","@id":"https:\/\/top1000.at\/#website","url":"https:\/\/top1000.at\/","name":"TOP 1000.at","description":"\u00d6sterreich&#039;s gr\u00f6\u00dfte IT Unternehmen","publisher":{"@id":"https:\/\/top1000.at\/#organization"},"potentialAction":[{"@type":"SearchAction","target":{"@type":"EntryPoint","urlTemplate":"https:\/\/top1000.at\/?s={search_term_string}"},"query-input":{"@type":"PropertyValueSpecification","valueRequired":true,"valueName":"search_term_string"}}],"inLanguage":"de"},{"@type":"Organization","@id":"https:\/\/top1000.at\/#organization","name":"TOP 1000.at","url":"https:\/\/top1000.at\/","logo":{"@type":"ImageObject","inLanguage":"de","@id":"https:\/\/top1000.at\/#\/schema\/logo\/image\/","url":"https:\/\/top1000.at\/wp-content\/uploads\/2024\/09\/cropped-Top1000-Logo.png","contentUrl":"https:\/\/top1000.at\/wp-content\/uploads\/2024\/09\/cropped-Top1000-Logo.png","width":1570,"height":367,"caption":"TOP 1000.at"},"image":{"@id":"https:\/\/top1000.at\/#\/schema\/logo\/image\/"}}]}},"_links":{"self":[{"href":"https:\/\/top1000.at\/wp-json\/wp\/v2\/pages\/12","targetHints":{"allow":["GET"]}}],"collection":[{"href":"https:\/\/top1000.at\/wp-json\/wp\/v2\/pages"}],"about":[{"href":"https:\/\/top1000.at\/wp-json\/wp\/v2\/types\/page"}],"author":[{"embeddable":true,"href":"https:\/\/top1000.at\/wp-json\/wp\/v2\/users\/1"}],"replies":[{"embeddable":true,"href":"https:\/\/top1000.at\/wp-json\/wp\/v2\/comments?post=12"}],"version-history":[{"count":5,"href":"https:\/\/top1000.at\/wp-json\/wp\/v2\/pages\/12\/revisions"}],"predecessor-version":[{"id":4733,"href":"https:\/\/top1000.at\/wp-json\/wp\/v2\/pages\/12\/revisions\/4733"}],"wp:attachment":[{"href":"https:\/\/top1000.at\/wp-json\/wp\/v2\/media?parent=12"}],"curies":[{"name":"wp","href":"https:\/\/api.w.org\/{rel}","templated":true}]}}