{"id":563,"date":"2024-02-23T16:31:24","date_gmt":"2024-02-23T15:31:24","guid":{"rendered":"https:\/\/between.test\/?page_id=563"},"modified":"2025-06-05T10:20:25","modified_gmt":"2025-06-05T08:20:25","slug":"talento","status":"publish","type":"page","link":"https:\/\/www.between.tech\/talento\/","title":{"rendered":"Soy Talento"},"content":{"rendered":"\t\t<div data-elementor-type=\"wp-page\" data-elementor-id=\"563\" class=\"elementor elementor-563\" data-elementor-post-type=\"page\">\n\t\t\t\t<div class=\"elementor-element elementor-element-1d786db e-con-full e-flex e-con e-parent\" data-id=\"1d786db\" data-element_type=\"container\" data-e-type=\"container\" data-settings=\"{&quot;background_background&quot;:&quot;classic&quot;}\">\n\t\t\t\t<div class=\"elementor-element elementor-element-af476f1 elementor-widget__width-inherit elementor-absolute buscotrabajo-button elementor-widget elementor-widget-button\" data-id=\"af476f1\" data-element_type=\"widget\" data-e-type=\"widget\" data-settings=\"{&quot;_position&quot;:&quot;absolute&quot;}\" data-widget_type=\"button.default\">\n\t\t\t\t\t\t\t\t\t\t<a class=\"elementor-button elementor-button-link elementor-size-sm\" href=\"#ofertas\">\n\t\t\t\t\t\t<span class=\"elementor-button-content-wrapper\">\n\t\t\t\t\t\t\t\t\t<span class=\"elementor-button-text\">\u00a1BUSCO TRABAJO!<\/span>\n\t\t\t\t\t<\/span>\n\t\t\t\t\t<\/a>\n\t\t\t\t\t\t\t\t<\/div>\n\t\t<div class=\"elementor-element elementor-element-90bca9d e-con-full e-flex e-con e-child\" data-id=\"90bca9d\" data-element_type=\"container\" data-e-type=\"container\" data-settings=\"{&quot;background_background&quot;:&quot;classic&quot;}\">\n\t\t\t\t<div class=\"elementor-element elementor-element-ff35723 elementor-widget elementor-widget-heading\" data-id=\"ff35723\" data-element_type=\"widget\" data-e-type=\"widget\" data-widget_type=\"heading.default\">\n\t\t\t\t\t<div class=\"elementor-heading-title elementor-size-default\">SOY<\/div>\t\t\t\t<\/div>\n\t\t\t\t<div class=\"elementor-element elementor-element-78da6d8 elementor-hidden-mobile elementor-hidden-tablet elementor-widget elementor-widget-heading\" data-id=\"78da6d8\" data-element_type=\"widget\" data-e-type=\"widget\" data-widget_type=\"heading.default\">\n\t\t\t\t\t<div class=\"elementor-heading-title elementor-size-default\">TA<BR>LEN<BR>TO<\/div>\t\t\t\t<\/div>\n\t\t\t\t<div class=\"elementor-element elementor-element-ca60534 elementor-hidden-mobile elementor-hidden-widescreen elementor-hidden-desktop elementor-hidden-laptop elementor-widget elementor-widget-heading\" data-id=\"ca60534\" data-element_type=\"widget\" data-e-type=\"widget\" data-widget_type=\"heading.default\">\n\t\t\t\t\t<div class=\"elementor-heading-title elementor-size-default\">TALENTO<\/div>\t\t\t\t<\/div>\n\t\t\t\t<div class=\"elementor-element elementor-element-41eccab elementor-hidden-widescreen elementor-hidden-desktop elementor-hidden-laptop elementor-hidden-tablet elementor-widget elementor-widget-heading\" data-id=\"41eccab\" data-element_type=\"widget\" data-e-type=\"widget\" data-widget_type=\"heading.default\">\n\t\t\t\t\t<div class=\"elementor-heading-title elementor-size-default\">TALEN<BR>TO<\/div>\t\t\t\t<\/div>\n\t\t\t\t<div class=\"elementor-element elementor-element-1ecc612 elementor-absolute elementor-widget__width-initial elementor-widget elementor-widget-image\" data-id=\"1ecc612\" data-element_type=\"widget\" data-e-type=\"widget\" data-settings=\"{&quot;_position&quot;:&quot;absolute&quot;}\" data-widget_type=\"image.default\">\n\t\t\t\t\t\t\t\t\t\t\t\t\t\t\t<img fetchpriority=\"high\" decoding=\"async\" width=\"601\" height=\"642\" src=\"https:\/\/www.between.tech\/wp-content\/uploads\/soytalento01.png\" class=\"attachment-full size-full wp-image-2016\" alt=\"\" \/>\t\t\t\t\t\t\t\t\t\t\t\t\t\t\t<\/div>\n\t\t\t\t<\/div>\n\t\t<div class=\"elementor-element elementor-element-86bc222 e-con-full e-flex e-con e-child\" data-id=\"86bc222\" data-element_type=\"container\" data-e-type=\"container\" data-settings=\"{&quot;background_background&quot;:&quot;classic&quot;}\">\n\t\t<div class=\"elementor-element elementor-element-7af4eac e-con-full e-flex e-con e-child\" data-id=\"7af4eac\" data-element_type=\"container\" data-e-type=\"container\">\n\t\t\t\t<div class=\"elementor-element elementor-element-fe6060c elementor-widget elementor-widget-heading\" data-id=\"fe6060c\" data-element_type=\"widget\" data-e-type=\"widget\" data-widget_type=\"heading.default\">\n\t\t\t\t\t<div class=\"elementor-heading-title elementor-size-default\">TU TALENTO, <BR>NUESTRA PRIORIDAD<\/div>\t\t\t\t<\/div>\n\t\t\t\t<\/div>\n\t\t<div class=\"elementor-element elementor-element-e1c828a e-con-full e-flex e-con e-child\" data-id=\"e1c828a\" data-element_type=\"container\" data-e-type=\"container\">\n\t\t\t\t<div class=\"elementor-element elementor-element-e48785a arrow-start elementor-widget elementor-widget-text-editor\" data-id=\"e48785a\" data-element_type=\"widget\" data-e-type=\"widget\" data-widget_type=\"text-editor.default\">\n\t\t\t\t\t\t\t\t\t<p>Descubre c\u00f3mo BETWEEN fusiona\u00a0talento e innovaci\u00f3n para superar tus metas.<\/p><p>Explora nuestras oportunidades y, si no encuentras la oferta perfecta, \u00a1comparte tu talento con nosotros y construyamos juntos el futuro!<\/p>\t\t\t\t\t\t\t\t<\/div>\n\t\t\t\t<\/div>\n\t\t<div class=\"elementor-element elementor-element-cbba322 e-con-full e-flex e-con e-child\" data-id=\"cbba322\" data-element_type=\"container\" data-e-type=\"container\">\n\t\t\t\t<div class=\"elementor-element elementor-element-0232400 elementor-widget elementor-widget-button\" data-id=\"0232400\" data-element_type=\"widget\" data-e-type=\"widget\" data-widget_type=\"button.default\">\n\t\t\t\t\t\t\t\t\t\t<a class=\"elementor-button elementor-button-link elementor-size-sm\" href=\"https:\/\/talento.between.tech\/talent-community\/join\/\">\n\t\t\t\t\t\t<span class=\"elementor-button-content-wrapper\">\n\t\t\t\t\t\t\t\t\t<span class=\"elementor-button-text\">CONTACTA CON NOSOTROS<\/span>\n\t\t\t\t\t<\/span>\n\t\t\t\t\t<\/a>\n\t\t\t\t\t\t\t\t<\/div>\n\t\t\t\t<\/div>\n\t\t\t\t<\/div>\n\t\t\t\t<\/div>\n\t\t<div class=\"elementor-element elementor-element-e9232eb e-con-full e-flex e-con e-parent\" data-id=\"e9232eb\" data-element_type=\"container\" data-e-type=\"container\" id=\"ofertas\" data-settings=\"{&quot;background_background&quot;:&quot;classic&quot;}\">\n\t\t\t\t<div class=\"elementor-element elementor-element-70cb1fc scrolling-home elementor-widget elementor-widget-shortcode\" data-id=\"70cb1fc\" data-element_type=\"widget\" data-e-type=\"widget\" data-widget_type=\"shortcode.default\">\n\t\t\t\t\t\t\t<div class=\"elementor-shortcode\"><div class='marquee-hsas-shortcode-93' style='width: 100%;overflow: hidden;'><span style=\"\"><h1><b>OFERTAS<\/b> DE <b>EMPLEO TECNOL\u00d3GICO &nbsp;<\/b><\/h1><\/span><\/div><script>jQuery(function(){jQuery('.marquee-hsas-shortcode-93').marquee({allowCss3Support: true,css3easing: 'linear',easing: 'linear',delayBeforeStart: 2000,direction: 'left',duplicated: true,duration: 20000,gap: 10,pauseOnCycle: true,pauseOnHover: true,startVisible: true});});<\/script><\/div>\n\t\t\t\t\t\t<\/div>\n\t\t\t\t<\/div>\n\t\t<div class=\"elementor-element elementor-element-4441b0d e-flex e-con-boxed e-con e-parent\" data-id=\"4441b0d\" data-element_type=\"container\" data-e-type=\"container\" data-settings=\"{&quot;background_background&quot;:&quot;classic&quot;}\">\n\t\t\t\t\t<div class=\"e-con-inner\">\n\t\t\t\t<div class=\"elementor-element elementor-element-55f701e elementor-widget elementor-widget-heading\" data-id=\"55f701e\" data-element_type=\"widget\" data-e-type=\"widget\" data-widget_type=\"heading.default\">\n\t\t\t\t\t<h2 class=\"elementor-heading-title elementor-size-default\">Listado de ofertas de empleo tecnol\u00f3gico<\/h2>\t\t\t\t<\/div>\n\t\t\t\t<div class=\"elementor-element elementor-element-4a9edc9 elementor-widget elementor-widget-html\" data-id=\"4a9edc9\" data-element_type=\"widget\" data-e-type=\"widget\" data-widget_type=\"html.default\">\n\t\t\t\t\t<div id=\"vb-jobs\" data-url=\"https:\/\/app.viterbit.com\/jobs-widget\/t1z9dQ5Dph0\/open-url\/\"><\/div> <script src=\"https:\/\/assets.viterbit.com\/build\/js\/vbtheme\/pages\/company\/jobswidget\/jobs_widget.js\" type=\"text\/javascript\"><\/script>\r\n\t\t\t\t<\/div>\n\t\t\t\t\t<\/div>\n\t\t\t\t<\/div>\n\t\t<div class=\"elementor-element elementor-element-0530d72 e-con-full e-flex e-con e-parent\" data-id=\"0530d72\" data-element_type=\"container\" data-e-type=\"container\">\n\t\t<div class=\"elementor-element elementor-element-36f2571 e-con-full e-flex e-con e-child\" data-id=\"36f2571\" data-element_type=\"container\" data-e-type=\"container\" data-settings=\"{&quot;background_background&quot;:&quot;classic&quot;}\">\n\t\t\t\t<div class=\"elementor-element elementor-element-7ea45c9 elementor-widget elementor-widget-image\" data-id=\"7ea45c9\" data-element_type=\"widget\" data-e-type=\"widget\" data-widget_type=\"image.default\">\n\t\t\t\t\t\t\t\t\t\t\t\t\t\t\t<img decoding=\"async\" width=\"960\" height=\"453\" src=\"https:\/\/www.between.tech\/wp-content\/uploads\/soytalento02.png\" class=\"attachment-full size-full wp-image-2252\" alt=\"\" srcset=\"https:\/\/www.between.tech\/wp-content\/uploads\/soytalento02.png 960w, https:\/\/www.between.tech\/wp-content\/uploads\/soytalento02-768x362.png 768w\" sizes=\"(max-width: 960px) 100vw, 960px\" \/>\t\t\t\t\t\t\t\t\t\t\t\t\t\t\t<\/div>\n\t\t<div class=\"elementor-element elementor-element-2e97964 e-con-full e-flex e-con e-child\" data-id=\"2e97964\" data-element_type=\"container\" data-e-type=\"container\">\n\t\t\t\t<div class=\"elementor-element elementor-element-1bd4039 elementor-widget elementor-widget-heading\" data-id=\"1bd4039\" data-element_type=\"widget\" data-e-type=\"widget\" data-widget_type=\"heading.default\">\n\t\t\t\t\t<div class=\"elementor-heading-title elementor-size-default\">BETWEEN<BR>&amp; YOU<\/div>\t\t\t\t<\/div>\n\t\t\t\t<div class=\"elementor-element elementor-element-0dea2c0 minheight100 elementor-widget elementor-widget-text-editor\" data-id=\"0dea2c0\" data-element_type=\"widget\" data-e-type=\"widget\" data-widget_type=\"text-editor.default\">\n\t\t\t\t\t\t\t\t\t<p>Descubre todo lo que puede hacer BETWEEN por ti.<\/p>\t\t\t\t\t\t\t\t<\/div>\n\t\t\t\t<div class=\"elementor-element elementor-element-d489991 elementor-widget elementor-widget-button\" data-id=\"d489991\" data-element_type=\"widget\" data-e-type=\"widget\" data-widget_type=\"button.default\">\n\t\t\t\t\t\t\t\t\t\t<a class=\"elementor-button elementor-button-link elementor-size-sm\" href=\"https:\/\/www.between.tech\/talento\/btw-you\/\">\n\t\t\t\t\t\t<span class=\"elementor-button-content-wrapper\">\n\t\t\t\t\t\t\t\t\t<span class=\"elementor-button-text\">SABER M\u00c1S\u00a0<\/span>\n\t\t\t\t\t<\/span>\n\t\t\t\t\t<\/a>\n\t\t\t\t\t\t\t\t<\/div>\n\t\t\t\t<\/div>\n\t\t\t\t<\/div>\n\t\t<div class=\"elementor-element elementor-element-c6561b1 e-con-full e-flex e-con e-child\" data-id=\"c6561b1\" data-element_type=\"container\" data-e-type=\"container\" data-settings=\"{&quot;background_background&quot;:&quot;classic&quot;}\">\n\t\t\t\t<div class=\"elementor-element elementor-element-9bdaf84 elementor-widget elementor-widget-image\" data-id=\"9bdaf84\" data-element_type=\"widget\" data-e-type=\"widget\" data-widget_type=\"image.default\">\n\t\t\t\t\t\t\t\t\t\t\t\t\t\t\t<img decoding=\"async\" width=\"960\" height=\"453\" src=\"https:\/\/www.between.tech\/wp-content\/uploads\/soytalento03.png\" class=\"attachment-full size-full wp-image-2254\" alt=\"\" srcset=\"https:\/\/www.between.tech\/wp-content\/uploads\/soytalento03.png 960w, https:\/\/www.between.tech\/wp-content\/uploads\/soytalento03-768x362.png 768w\" sizes=\"(max-width: 960px) 100vw, 960px\" \/>\t\t\t\t\t\t\t\t\t\t\t\t\t\t\t<\/div>\n\t\t<div class=\"elementor-element elementor-element-064b59b e-con-full e-flex e-con e-child\" data-id=\"064b59b\" data-element_type=\"container\" data-e-type=\"container\">\n\t\t\t\t<div class=\"elementor-element elementor-element-022ee52 elementor-widget elementor-widget-heading\" data-id=\"022ee52\" data-element_type=\"widget\" data-e-type=\"widget\" data-widget_type=\"heading.default\">\n\t\t\t\t\t<div class=\"elementor-heading-title elementor-size-default\">BETWEEN<br>GROUP<\/div>\t\t\t\t<\/div>\n\t\t\t\t<div class=\"elementor-element elementor-element-1125322 minheight100 elementor-widget elementor-widget-text-editor\" data-id=\"1125322\" data-element_type=\"widget\" data-e-type=\"widget\" data-widget_type=\"text-editor.default\">\n\t\t\t\t\t\t\t\t\t<p>BETWEEN Group ofrece soluciones tecnol\u00f3gicas avanzadas a trav\u00e9s de varias marcas, con presencia en toda Espa\u00f1a.<\/p>\t\t\t\t\t\t\t\t<\/div>\n\t\t\t\t<div class=\"elementor-element elementor-element-dc96979 elementor-widget elementor-widget-button\" data-id=\"dc96979\" data-element_type=\"widget\" data-e-type=\"widget\" data-widget_type=\"button.default\">\n\t\t\t\t\t\t\t\t\t\t<a class=\"elementor-button elementor-button-link elementor-size-sm\" href=\"https:\/\/www.between.tech\/talento\/between-group\/\">\n\t\t\t\t\t\t<span class=\"elementor-button-content-wrapper\">\n\t\t\t\t\t\t\t\t\t<span class=\"elementor-button-text\">SABER M\u00c1S\u00a0<\/span>\n\t\t\t\t\t<\/span>\n\t\t\t\t\t<\/a>\n\t\t\t\t\t\t\t\t<\/div>\n\t\t\t\t<\/div>\n\t\t\t\t<\/div>\n\t\t\t\t<\/div>\n\t\t<div class=\"elementor-element elementor-element-0d02efd e-con-full e-flex e-con e-parent\" data-id=\"0d02efd\" data-element_type=\"container\" data-e-type=\"container\" data-settings=\"{&quot;background_background&quot;:&quot;classic&quot;}\">\n\t\t<div class=\"elementor-element elementor-element-9fcb986 e-con-full e-flex e-con e-child\" data-id=\"9fcb986\" data-element_type=\"container\" data-e-type=\"container\" data-settings=\"{&quot;background_background&quot;:&quot;classic&quot;}\">\n\t\t<div class=\"elementor-element elementor-element-378e528 e-con-full e-flex e-con e-child\" data-id=\"378e528\" data-element_type=\"container\" data-e-type=\"container\" data-settings=\"{&quot;background_background&quot;:&quot;classic&quot;}\">\n\t\t<div class=\"elementor-element elementor-element-033999f e-con-full e-flex e-con e-child\" data-id=\"033999f\" data-element_type=\"container\" data-e-type=\"container\">\n\t\t\t\t<div class=\"elementor-element elementor-element-5b1a36d elementor-widget elementor-widget-heading\" data-id=\"5b1a36d\" data-element_type=\"widget\" data-e-type=\"widget\" data-widget_type=\"heading.default\">\n\t\t\t\t\t<h3 class=\"elementor-heading-title elementor-size-default\">POTENCIA TU TALENTO EN BETWEEN<\/h3>\t\t\t\t<\/div>\n\t\t\t\t<\/div>\n\t\t<div class=\"elementor-element elementor-element-afd5b3e e-con-full e-flex e-con e-child\" data-id=\"afd5b3e\" data-element_type=\"container\" data-e-type=\"container\">\n\t\t\t\t<div class=\"elementor-element elementor-element-7974411 arrow-start-white elementor-widget elementor-widget-text-editor\" data-id=\"7974411\" data-element_type=\"widget\" data-e-type=\"widget\" data-widget_type=\"text-editor.default\">\n\t\t\t\t\t\t\t\t\t<p>Descubre oportunidades y cultiva tu talento en un equipo que impulsa tu crecimiento profesional.<\/p><p>Si a\u00fan no has encontrado una oferta destacada que se ajuste a tu perfil, \u00a1comparte tu talento con nosotros y construyamos juntos el futuro!<\/p>\t\t\t\t\t\t\t\t<\/div>\n\t\t\t\t<\/div>\n\t\t<div class=\"elementor-element elementor-element-09b1b1b e-con-full form-talento-2 e-flex e-con e-child\" data-id=\"09b1b1b\" data-element_type=\"container\" data-e-type=\"container\">\n\t\t\t\t<div class=\"elementor-element elementor-element-865fa8c elementor-widget elementor-widget-button\" data-id=\"865fa8c\" data-element_type=\"widget\" data-e-type=\"widget\" data-widget_type=\"button.default\">\n\t\t\t\t\t\t\t\t\t\t<a class=\"elementor-button elementor-button-link elementor-size-sm\" href=\"https:\/\/talento.between.tech\/talent-community\/join\/\">\n\t\t\t\t\t\t<span class=\"elementor-button-content-wrapper\">\n\t\t\t\t\t\t\t\t\t<span class=\"elementor-button-text\">CONTACTA CON NOSOTROS<\/span>\n\t\t\t\t\t<\/span>\n\t\t\t\t\t<\/a>\n\t\t\t\t\t\t\t\t<\/div>\n\t\t\t\t<\/div>\n\t\t\t\t<\/div>\n\t\t<div class=\"elementor-element elementor-element-2bc33e9 e-con-full e-flex e-con e-child\" data-id=\"2bc33e9\" data-element_type=\"container\" data-e-type=\"container\" data-settings=\"{&quot;background_background&quot;:&quot;classic&quot;}\">\n\t\t\t\t<\/div>\n\t\t\t\t<\/div>\n\t\t\t\t<\/div>\n\t\t\t\t<\/div>\n\t\t","protected":false},"excerpt":{"rendered":"<p>\u00a1BUSCO TRABAJO! SOY TALENTO TALENTO TALENTO TU TALENTO, NUESTRA PRIORIDAD Descubre c\u00f3mo BETWEEN fusiona\u00a0talento e innovaci\u00f3n para superar tus metas. Explora nuestras oportunidades y, si no encuentras la oferta perfecta, \u00a1comparte tu talento con nosotros y construyamos juntos el futuro! CONTACTA CON NOSOTROS Listado de ofertas de empleo tecnol\u00f3gico BETWEEN&#038; YOU Descubre todo lo que [&hellip;]<\/p>\n","protected":false},"author":1,"featured_media":0,"parent":0,"menu_order":0,"comment_status":"closed","ping_status":"closed","template":"","meta":{"footnotes":""},"class_list":["post-563","page","type-page","status-publish","hentry"],"yoast_head":"<!-- This site is optimized with the Yoast SEO plugin v27.1.1 - https:\/\/yoast.com\/product\/yoast-seo-wordpress\/ -->\n<title>Ofertas de Empleo Tecnol\u00f3gico | BETWEEN<\/title>\n<meta name=\"description\" content=\"Las mejores ofertas de empleo tecnol\u00f3gico. Incorp\u00f3rate a BETWEEN aportando tu experiencia a nuevos proyectos de ingenier\u00eda e IT.\" \/>\n<meta name=\"robots\" content=\"index, follow, max-snippet:-1, max-image-preview:large, max-video-preview:-1\" \/>\n<link rel=\"canonical\" href=\"https:\/\/www.between.tech\/talento\/\" \/>\n<meta property=\"og:locale\" content=\"es_ES\" \/>\n<meta property=\"og:type\" content=\"article\" \/>\n<meta property=\"og:title\" content=\"Ofertas de Empleo Tecnol\u00f3gico | BETWEEN\" \/>\n<meta property=\"og:description\" content=\"Las mejores ofertas de empleo tecnol\u00f3gico. Incorp\u00f3rate a BETWEEN aportando tu experiencia a nuevos proyectos de ingenier\u00eda e IT.\" \/>\n<meta property=\"og:url\" content=\"https:\/\/www.between.tech\/talento\/\" \/>\n<meta property=\"og:site_name\" content=\"Between\" \/>\n<meta property=\"article:modified_time\" content=\"2025-06-05T08:20:25+00:00\" \/>\n<meta property=\"og:image\" content=\"https:\/\/www.between.tech\/wp-content\/uploads\/soytalento01.png\" \/>\n<meta name=\"twitter:card\" content=\"summary_large_image\" \/>\n<meta name=\"twitter:label1\" content=\"Tiempo de lectura\" \/>\n\t<meta name=\"twitter:data1\" content=\"2 minutos\" \/>\n<script type=\"application\/ld+json\" class=\"yoast-schema-graph\">{\"@context\":\"https:\/\/schema.org\",\"@graph\":[{\"@type\":\"WebPage\",\"@id\":\"https:\/\/www.between.tech\/talento\/\",\"url\":\"https:\/\/www.between.tech\/talento\/\",\"name\":\"Ofertas de Empleo Tecnol\u00f3gico | BETWEEN\",\"isPartOf\":{\"@id\":\"https:\/\/www.between.tech\/#website\"},\"primaryImageOfPage\":{\"@id\":\"https:\/\/www.between.tech\/talento\/#primaryimage\"},\"image\":{\"@id\":\"https:\/\/www.between.tech\/talento\/#primaryimage\"},\"thumbnailUrl\":\"https:\/\/www.between.tech\/wp-content\/uploads\/soytalento01.png\",\"datePublished\":\"2024-02-23T15:31:24+00:00\",\"dateModified\":\"2025-06-05T08:20:25+00:00\",\"description\":\"Las mejores ofertas de empleo tecnol\u00f3gico. Incorp\u00f3rate a BETWEEN aportando tu experiencia a nuevos proyectos de ingenier\u00eda e IT.\",\"breadcrumb\":{\"@id\":\"https:\/\/www.between.tech\/talento\/#breadcrumb\"},\"inLanguage\":\"es\",\"potentialAction\":[{\"@type\":\"ReadAction\",\"target\":[\"https:\/\/www.between.tech\/talento\/\"]}]},{\"@type\":\"ImageObject\",\"inLanguage\":\"es\",\"@id\":\"https:\/\/www.between.tech\/talento\/#primaryimage\",\"url\":\"https:\/\/www.between.tech\/wp-content\/uploads\/soytalento01.png\",\"contentUrl\":\"https:\/\/www.between.tech\/wp-content\/uploads\/soytalento01.png\",\"width\":601,\"height\":642},{\"@type\":\"BreadcrumbList\",\"@id\":\"https:\/\/www.between.tech\/talento\/#breadcrumb\",\"itemListElement\":[{\"@type\":\"ListItem\",\"position\":1,\"name\":\"Portada\",\"item\":\"https:\/\/www.between.tech\/\"},{\"@type\":\"ListItem\",\"position\":2,\"name\":\"Soy Talento\"}]},{\"@type\":\"WebSite\",\"@id\":\"https:\/\/www.between.tech\/#website\",\"url\":\"https:\/\/www.between.tech\/\",\"name\":\"Between\",\"description\":\"\",\"publisher\":{\"@id\":\"https:\/\/www.between.tech\/#organization\"},\"potentialAction\":[{\"@type\":\"SearchAction\",\"target\":{\"@type\":\"EntryPoint\",\"urlTemplate\":\"https:\/\/www.between.tech\/?s={search_term_string}\"},\"query-input\":{\"@type\":\"PropertyValueSpecification\",\"valueRequired\":true,\"valueName\":\"search_term_string\"}}],\"inLanguage\":\"es\"},{\"@type\":\"Organization\",\"@id\":\"https:\/\/www.between.tech\/#organization\",\"name\":\"Between\",\"url\":\"https:\/\/www.between.tech\/\",\"logo\":{\"@type\":\"ImageObject\",\"inLanguage\":\"es\",\"@id\":\"https:\/\/www.between.tech\/#\/schema\/logo\/image\/\",\"url\":\"https:\/\/www.between.tech\/wp-content\/uploads\/logo-wh.svg\",\"contentUrl\":\"https:\/\/www.between.tech\/wp-content\/uploads\/logo-wh.svg\",\"width\":168,\"height\":41,\"caption\":\"Between\"},\"image\":{\"@id\":\"https:\/\/www.between.tech\/#\/schema\/logo\/image\/\"}}]}<\/script>\n<!-- \/ Yoast SEO plugin. -->","yoast_head_json":{"title":"Ofertas de Empleo Tecnol\u00f3gico | BETWEEN","description":"Las mejores ofertas de empleo tecnol\u00f3gico. Incorp\u00f3rate a BETWEEN aportando tu experiencia a nuevos proyectos de ingenier\u00eda e IT.","robots":{"index":"index","follow":"follow","max-snippet":"max-snippet:-1","max-image-preview":"max-image-preview:large","max-video-preview":"max-video-preview:-1"},"canonical":"https:\/\/www.between.tech\/talento\/","og_locale":"es_ES","og_type":"article","og_title":"Ofertas de Empleo Tecnol\u00f3gico | BETWEEN","og_description":"Las mejores ofertas de empleo tecnol\u00f3gico. Incorp\u00f3rate a BETWEEN aportando tu experiencia a nuevos proyectos de ingenier\u00eda e IT.","og_url":"https:\/\/www.between.tech\/talento\/","og_site_name":"Between","article_modified_time":"2025-06-05T08:20:25+00:00","og_image":[{"url":"https:\/\/www.between.tech\/wp-content\/uploads\/soytalento01.png","type":"","width":"","height":""}],"twitter_card":"summary_large_image","twitter_misc":{"Tiempo de lectura":"2 minutos"},"schema":{"@context":"https:\/\/schema.org","@graph":[{"@type":"WebPage","@id":"https:\/\/www.between.tech\/talento\/","url":"https:\/\/www.between.tech\/talento\/","name":"Ofertas de Empleo Tecnol\u00f3gico | BETWEEN","isPartOf":{"@id":"https:\/\/www.between.tech\/#website"},"primaryImageOfPage":{"@id":"https:\/\/www.between.tech\/talento\/#primaryimage"},"image":{"@id":"https:\/\/www.between.tech\/talento\/#primaryimage"},"thumbnailUrl":"https:\/\/www.between.tech\/wp-content\/uploads\/soytalento01.png","datePublished":"2024-02-23T15:31:24+00:00","dateModified":"2025-06-05T08:20:25+00:00","description":"Las mejores ofertas de empleo tecnol\u00f3gico. Incorp\u00f3rate a BETWEEN aportando tu experiencia a nuevos proyectos de ingenier\u00eda e IT.","breadcrumb":{"@id":"https:\/\/www.between.tech\/talento\/#breadcrumb"},"inLanguage":"es","potentialAction":[{"@type":"ReadAction","target":["https:\/\/www.between.tech\/talento\/"]}]},{"@type":"ImageObject","inLanguage":"es","@id":"https:\/\/www.between.tech\/talento\/#primaryimage","url":"https:\/\/www.between.tech\/wp-content\/uploads\/soytalento01.png","contentUrl":"https:\/\/www.between.tech\/wp-content\/uploads\/soytalento01.png","width":601,"height":642},{"@type":"BreadcrumbList","@id":"https:\/\/www.between.tech\/talento\/#breadcrumb","itemListElement":[{"@type":"ListItem","position":1,"name":"Portada","item":"https:\/\/www.between.tech\/"},{"@type":"ListItem","position":2,"name":"Soy Talento"}]},{"@type":"WebSite","@id":"https:\/\/www.between.tech\/#website","url":"https:\/\/www.between.tech\/","name":"Between","description":"","publisher":{"@id":"https:\/\/www.between.tech\/#organization"},"potentialAction":[{"@type":"SearchAction","target":{"@type":"EntryPoint","urlTemplate":"https:\/\/www.between.tech\/?s={search_term_string}"},"query-input":{"@type":"PropertyValueSpecification","valueRequired":true,"valueName":"search_term_string"}}],"inLanguage":"es"},{"@type":"Organization","@id":"https:\/\/www.between.tech\/#organization","name":"Between","url":"https:\/\/www.between.tech\/","logo":{"@type":"ImageObject","inLanguage":"es","@id":"https:\/\/www.between.tech\/#\/schema\/logo\/image\/","url":"https:\/\/www.between.tech\/wp-content\/uploads\/logo-wh.svg","contentUrl":"https:\/\/www.between.tech\/wp-content\/uploads\/logo-wh.svg","width":168,"height":41,"caption":"Between"},"image":{"@id":"https:\/\/www.between.tech\/#\/schema\/logo\/image\/"}}]}},"_links":{"self":[{"href":"https:\/\/www.between.tech\/wp-json\/wp\/v2\/pages\/563","targetHints":{"allow":["GET"]}}],"collection":[{"href":"https:\/\/www.between.tech\/wp-json\/wp\/v2\/pages"}],"about":[{"href":"https:\/\/www.between.tech\/wp-json\/wp\/v2\/types\/page"}],"author":[{"embeddable":true,"href":"https:\/\/www.between.tech\/wp-json\/wp\/v2\/users\/1"}],"replies":[{"embeddable":true,"href":"https:\/\/www.between.tech\/wp-json\/wp\/v2\/comments?post=563"}],"version-history":[{"count":0,"href":"https:\/\/www.between.tech\/wp-json\/wp\/v2\/pages\/563\/revisions"}],"wp:attachment":[{"href":"https:\/\/www.between.tech\/wp-json\/wp\/v2\/media?parent=563"}],"curies":[{"name":"wp","href":"https:\/\/api.w.org\/{rel}","templated":true}]}}