{"id":12,"date":"2022-03-07T23:34:38","date_gmt":"2022-03-07T23:34:38","guid":{"rendered":"https:\/\/wdqnt.wpengine.com\/?page_id=12"},"modified":"2026-02-24T16:14:07","modified_gmt":"2026-02-24T16:14:07","slug":"home","status":"publish","type":"page","link":"https:\/\/www.worldquant.com\/","title":{"rendered":"Home"},"content":{"rendered":"","protected":false},"excerpt":{"rendered":"","protected":false},"author":2,"featured_media":0,"parent":0,"menu_order":0,"comment_status":"closed","ping_status":"closed","template":"templates\/home.php","meta":{"_acf_changed":false,"footnotes":""},"class_list":["post-12","page","type-page","status-publish","hentry"],"acf":{"header_hero":{"title":"Future Faster","title_image":{"ID":758,"id":758,"title":"FutureFaster_v4_sh","filename":"FutureFaster_v4_sh-scaled.gif","filesize":3845,"url":"https:\/\/www.worldquant.com\/wp-content\/uploads\/2022\/04\/FutureFaster_v4_sh-scaled.gif","link":"https:\/\/www.worldquant.com\/home\/futurefaster_v4_sh\/","alt":"","author":"1","description":"","caption":"","name":"futurefaster_v4_sh","status":"inherit","uploaded_to":12,"date":"2022-04-21 12:52:25","modified":"2022-04-21 12:52:25","menu_order":0,"mime_type":"image\/gif","type":"image","subtype":"gif","icon":"https:\/\/www.worldquant.com\/wp-includes\/images\/media\/default.png","width":2560,"height":1600,"sizes":{"thumbnail":"https:\/\/www.worldquant.com\/wp-content\/uploads\/2022\/04\/FutureFaster_v4_sh-scaled.gif","thumbnail-width":150,"thumbnail-height":94,"medium":"https:\/\/www.worldquant.com\/wp-content\/uploads\/2022\/04\/FutureFaster_v4_sh-scaled.gif","medium-width":400,"medium-height":250,"medium_large":"https:\/\/www.worldquant.com\/wp-content\/uploads\/2022\/04\/FutureFaster_v4_sh-scaled.gif","medium_large-width":768,"medium_large-height":480,"large":"https:\/\/www.worldquant.com\/wp-content\/uploads\/2022\/04\/FutureFaster_v4_sh-scaled.gif","large-width":1024,"large-height":640,"1536x1536":"https:\/\/www.worldquant.com\/wp-content\/uploads\/2022\/04\/FutureFaster_v4_sh-scaled.gif","1536x1536-width":1536,"1536x1536-height":960,"2048x2048":"https:\/\/www.worldquant.com\/wp-content\/uploads\/2022\/04\/FutureFaster_v4_sh-scaled.gif","2048x2048-width":2048,"2048x2048-height":1280}},"description":"","video_start":"6,5,3","mobile_video_image":{"ID":947,"id":947,"title":"HomeHero.v3","filename":"HomeHero.v3.jpg","filesize":1711640,"url":"https:\/\/www.worldquant.com\/wp-content\/uploads\/2022\/04\/HomeHero.v3.jpg","link":"https:\/\/www.worldquant.com\/home\/homehero-v3\/","alt":"","author":"1","description":"","caption":"","name":"homehero-v3","status":"inherit","uploaded_to":12,"date":"2022-04-28 14:36:17","modified":"2022-04-28 14:36:17","menu_order":0,"mime_type":"image\/jpeg","type":"image","subtype":"jpeg","icon":"https:\/\/www.worldquant.com\/wp-includes\/images\/media\/default.png","width":780,"height":780,"sizes":{"thumbnail":"https:\/\/www.worldquant.com\/wp-content\/uploads\/2022\/04\/HomeHero.v3-150x150.jpg","thumbnail-width":150,"thumbnail-height":150,"medium":"https:\/\/www.worldquant.com\/wp-content\/uploads\/2022\/04\/HomeHero.v3-400x400.jpg","medium-width":400,"medium-height":400,"medium_large":"https:\/\/www.worldquant.com\/wp-content\/uploads\/2022\/04\/HomeHero.v3-768x768.jpg","medium_large-width":768,"medium_large-height":768,"large":"https:\/\/www.worldquant.com\/wp-content\/uploads\/2022\/04\/HomeHero.v3.jpg","large-width":780,"large-height":780,"1536x1536":"https:\/\/www.worldquant.com\/wp-content\/uploads\/2022\/04\/HomeHero.v3.jpg","1536x1536-width":780,"1536x1536-height":780,"2048x2048":"https:\/\/www.worldquant.com\/wp-content\/uploads\/2022\/04\/HomeHero.v3.jpg","2048x2048-width":780,"2048x2048-height":780}}},"features":{"ascii_feature":{"video":{"ID":759,"id":759,"title":"ASCII-eye-overlay-70","filename":"ASCII-eye-overlay-70-1.mp4","filesize":15757318,"url":"https:\/\/www.worldquant.com\/wp-content\/uploads\/2022\/04\/ASCII-eye-overlay-70-1.mp4","link":"https:\/\/www.worldquant.com\/home\/ascii-eye-overlay-70-2\/","alt":"","author":"1","description":"","caption":"","name":"ascii-eye-overlay-70-2","status":"inherit","uploaded_to":12,"date":"2022-04-21 13:31:15","modified":"2022-04-21 13:31:15","menu_order":0,"mime_type":"video\/mp4","type":"video","subtype":"mp4","icon":"https:\/\/www.worldquant.com\/wp-includes\/images\/media\/video.png","width":1450,"height":720},"mobile_video_image":{"ID":907,"id":907,"title":"ASCII","filename":"ASCII.jpg","filesize":803032,"url":"https:\/\/www.worldquant.com\/wp-content\/uploads\/2022\/04\/ASCII.jpg","link":"https:\/\/www.worldquant.com\/home\/ascii-2\/","alt":"","author":"1","description":"","caption":"","name":"ascii-2","status":"inherit","uploaded_to":12,"date":"2022-04-26 21:34:58","modified":"2022-04-26 21:34:58","menu_order":0,"mime_type":"image\/jpeg","type":"image","subtype":"jpeg","icon":"https:\/\/www.worldquant.com\/wp-includes\/images\/media\/default.png","width":780,"height":1208,"sizes":{"thumbnail":"https:\/\/www.worldquant.com\/wp-content\/uploads\/2022\/04\/ASCII-150x150.jpg","thumbnail-width":150,"thumbnail-height":150,"medium":"https:\/\/www.worldquant.com\/wp-content\/uploads\/2022\/04\/ASCII-258x400.jpg","medium-width":258,"medium-height":400,"medium_large":"https:\/\/www.worldquant.com\/wp-content\/uploads\/2022\/04\/ASCII-768x1189.jpg","medium_large-width":768,"medium_large-height":1189,"large":"https:\/\/www.worldquant.com\/wp-content\/uploads\/2022\/04\/ASCII-661x1024.jpg","large-width":661,"large-height":1024,"1536x1536":"https:\/\/www.worldquant.com\/wp-content\/uploads\/2022\/04\/ASCII.jpg","1536x1536-width":780,"1536x1536-height":1208,"2048x2048":"https:\/\/www.worldquant.com\/wp-content\/uploads\/2022\/04\/ASCII.jpg","2048x2048-width":780,"2048x2048-height":1208}},"titles":[{"title":"Everything is <br>information."},{"title":"Information is <br>opportunity."},{"title":"Opportunity <br>is infinite."}]},"staircase_content":{"titles":[{"title":"Change isn't <br>meant to be feared."},{"title":"Change is constant."},{"title":"Change fuels innovation."},{"title":"Change empowers people."},{"title":"Change is progress."}]},"horizontal_image_feature":{"title":"Quantity <br>is quality.","description":"Talent <br>Ideas <br>Solutions","images":[{"image":{"ID":830,"id":830,"title":"wq-hero-1","filename":"wq-hero-1.jpg","filesize":165107,"url":"https:\/\/www.worldquant.com\/wp-content\/uploads\/2022\/04\/wq-hero-1.jpg","link":"https:\/\/www.worldquant.com\/home\/wq-hero-1\/","alt":"","author":"2","description":"","caption":"","name":"wq-hero-1","status":"inherit","uploaded_to":12,"date":"2022-04-22 15:28:03","modified":"2022-04-22 15:28:03","menu_order":0,"mime_type":"image\/jpeg","type":"image","subtype":"jpeg","icon":"https:\/\/www.worldquant.com\/wp-includes\/images\/media\/default.png","width":600,"height":400,"sizes":{"thumbnail":"https:\/\/www.worldquant.com\/wp-content\/uploads\/2022\/04\/wq-hero-1-150x150.jpg","thumbnail-width":150,"thumbnail-height":150,"medium":"https:\/\/www.worldquant.com\/wp-content\/uploads\/2022\/04\/wq-hero-1-400x267.jpg","medium-width":400,"medium-height":267,"medium_large":"https:\/\/www.worldquant.com\/wp-content\/uploads\/2022\/04\/wq-hero-1.jpg","medium_large-width":600,"medium_large-height":400,"large":"https:\/\/www.worldquant.com\/wp-content\/uploads\/2022\/04\/wq-hero-1.jpg","large-width":600,"large-height":400,"1536x1536":"https:\/\/www.worldquant.com\/wp-content\/uploads\/2022\/04\/wq-hero-1.jpg","1536x1536-width":600,"1536x1536-height":400,"2048x2048":"https:\/\/www.worldquant.com\/wp-content\/uploads\/2022\/04\/wq-hero-1.jpg","2048x2048-width":600,"2048x2048-height":400}}},{"image":{"ID":831,"id":831,"title":"wq-hero-2","filename":"wq-hero-2.jpg","filesize":126457,"url":"https:\/\/www.worldquant.com\/wp-content\/uploads\/2022\/04\/wq-hero-2.jpg","link":"https:\/\/www.worldquant.com\/home\/wq-hero-2\/","alt":"","author":"2","description":"","caption":"","name":"wq-hero-2","status":"inherit","uploaded_to":12,"date":"2022-04-22 15:28:04","modified":"2022-04-22 15:28:04","menu_order":0,"mime_type":"image\/jpeg","type":"image","subtype":"jpeg","icon":"https:\/\/www.worldquant.com\/wp-includes\/images\/media\/default.png","width":600,"height":450,"sizes":{"thumbnail":"https:\/\/www.worldquant.com\/wp-content\/uploads\/2022\/04\/wq-hero-2-150x150.jpg","thumbnail-width":150,"thumbnail-height":150,"medium":"https:\/\/www.worldquant.com\/wp-content\/uploads\/2022\/04\/wq-hero-2-400x300.jpg","medium-width":400,"medium-height":300,"medium_large":"https:\/\/www.worldquant.com\/wp-content\/uploads\/2022\/04\/wq-hero-2.jpg","medium_large-width":600,"medium_large-height":450,"large":"https:\/\/www.worldquant.com\/wp-content\/uploads\/2022\/04\/wq-hero-2.jpg","large-width":600,"large-height":450,"1536x1536":"https:\/\/www.worldquant.com\/wp-content\/uploads\/2022\/04\/wq-hero-2.jpg","1536x1536-width":600,"1536x1536-height":450,"2048x2048":"https:\/\/www.worldquant.com\/wp-content\/uploads\/2022\/04\/wq-hero-2.jpg","2048x2048-width":600,"2048x2048-height":450}}},{"image":{"ID":832,"id":832,"title":"wq-hero-3","filename":"wq-hero-3-e1651176550330.jpg","filesize":21392,"url":"https:\/\/www.worldquant.com\/wp-content\/uploads\/2022\/04\/wq-hero-3-e1651176550330.jpg","link":"https:\/\/www.worldquant.com\/home\/wq-hero-3\/","alt":"","author":"2","description":"","caption":"","name":"wq-hero-3","status":"inherit","uploaded_to":12,"date":"2022-04-22 15:28:04","modified":"2022-04-22 15:28:04","menu_order":0,"mime_type":"image\/jpeg","type":"image","subtype":"jpeg","icon":"https:\/\/www.worldquant.com\/wp-includes\/images\/media\/default.png","width":400,"height":400,"sizes":{"thumbnail":"https:\/\/www.worldquant.com\/wp-content\/uploads\/2022\/04\/wq-hero-3-e1651176550330-150x150.jpg","thumbnail-width":150,"thumbnail-height":150,"medium":"https:\/\/www.worldquant.com\/wp-content\/uploads\/2022\/04\/wq-hero-3-e1651176550330-400x400.jpg","medium-width":400,"medium-height":400,"medium_large":"https:\/\/www.worldquant.com\/wp-content\/uploads\/2022\/04\/wq-hero-3-e1651176550330.jpg","medium_large-width":400,"medium_large-height":400,"large":"https:\/\/www.worldquant.com\/wp-content\/uploads\/2022\/04\/wq-hero-3-e1651176550330.jpg","large-width":400,"large-height":400,"1536x1536":"https:\/\/www.worldquant.com\/wp-content\/uploads\/2022\/04\/wq-hero-3-e1651176550330.jpg","1536x1536-width":400,"1536x1536-height":400,"2048x2048":"https:\/\/www.worldquant.com\/wp-content\/uploads\/2022\/04\/wq-hero-3-e1651176550330.jpg","2048x2048-width":400,"2048x2048-height":400}}},{"image":{"ID":833,"id":833,"title":"wq-hero-4","filename":"wq-hero-4-e1651175706597.jpg","filesize":87797,"url":"https:\/\/www.worldquant.com\/wp-content\/uploads\/2022\/04\/wq-hero-4-e1651175706597.jpg","link":"https:\/\/www.worldquant.com\/home\/wq-hero-4\/","alt":"","author":"2","description":"","caption":"","name":"wq-hero-4","status":"inherit","uploaded_to":12,"date":"2022-04-22 15:28:05","modified":"2022-04-22 15:28:05","menu_order":0,"mime_type":"image\/jpeg","type":"image","subtype":"jpeg","icon":"https:\/\/www.worldquant.com\/wp-includes\/images\/media\/default.png","width":411,"height":400,"sizes":{"thumbnail":"https:\/\/www.worldquant.com\/wp-content\/uploads\/2022\/04\/wq-hero-4-e1651175706597-150x150.jpg","thumbnail-width":150,"thumbnail-height":150,"medium":"https:\/\/www.worldquant.com\/wp-content\/uploads\/2022\/04\/wq-hero-4-e1651175706597-400x389.jpg","medium-width":400,"medium-height":389,"medium_large":"https:\/\/www.worldquant.com\/wp-content\/uploads\/2022\/04\/wq-hero-4-e1651175706597.jpg","medium_large-width":411,"medium_large-height":400,"large":"https:\/\/www.worldquant.com\/wp-content\/uploads\/2022\/04\/wq-hero-4-e1651175706597.jpg","large-width":411,"large-height":400,"1536x1536":"https:\/\/www.worldquant.com\/wp-content\/uploads\/2022\/04\/wq-hero-4-e1651175706597.jpg","1536x1536-width":411,"1536x1536-height":400,"2048x2048":"https:\/\/www.worldquant.com\/wp-content\/uploads\/2022\/04\/wq-hero-4-e1651175706597.jpg","2048x2048-width":411,"2048x2048-height":400}}}]},"recruitment_preview":{"titles":[{"title":"Talent is global, <br>opportunity is not.","rtl":false,"language":""},{"title":"\u092a\u094d\u0930\u0924\u093f\u092d\u093e \u0926\u0941\u0928\u093f\u092f\u093e \u092d\u0930 \u092e\u0947\u0902 \u092a\u093e\u0908 \u091c\u093e \u0938\u0915\u0924\u0940 \u0939\u0948, \u0932\u0947\u0915\u093f\u0928 \u092e\u094c\u0915\u0947 \u0928\u0939\u0940\u0902\u0964","rtl":false,"language":"hindi"},{"title":"A tehets\u00e9g glob\u00e1lis, a lehet\u0151s\u00e9g nem.","rtl":false,"language":""},{"title":"\uc778\uc7ac\ub294 \ub9ce\uc9c0\ub9cc \uae30\ud68c\ub294 \uc801\uc2b5\ub2c8\ub2e4.","rtl":false,"language":""},{"title":"Nh\u00e2n t\u00e0i v\u00f4 h\u1ea1n, c\u01a1 h\u1ed9i h\u1eefu h\u1ea1n.","rtl":false,"language":""},{"title":"\u4eba\u624d\u904d\u5e03\u5168\u7403\uff0c\u673a\u9047\u4e00\u7f18\u96be\u6c42","rtl":false,"language":""}],"stats":[{"number":"1,100+","description":"employees"},{"number":"28","description":"global offices"}],"cta":{"title":"Join us","url":"https:\/\/www.worldquant.com\/how-we-work\/","target":""}},"progress_indicator_group":{"heading":"Our core beliefs","labels":[{"label":"Everything is information"},{"label":"Change isn\u2019t meant to be feared"},{"label":"Quantity is quality"},{"label":"Talent is global, opportunity is not"}]}},"footer":{"video_start":"","footer_mobile_image":false,"footer_cta":""},"flexible_components":[{"acf_fc_layout":"carousel_feature","carousel_feature":{"heading":"Beyond asset management","subheading":"Our Founder, Chairman and CEO Igor Tulchinsky has applied his beliefs to projects and entities outside of WorldQuant \u2014 leveraging data, talent and prediction to tackle complex challenges beyond financial markets.","disclaimer":"<p>These entities, founded by Igor, operate independently from WorldQuant\u2019s global quantitative asset management business.<\/p>\n","theme":"light","slides":[{"eyebrow":"","heading":"WorldQuant University","description":"<p>Leverages technology to deliver entirely free offerings in data sciences, including its accredited Master of Science in Financial Engineering program and an Applied Data Science Lab<\/p>\n","disclaimer":"","link":{"title":"Learn more","url":"https:\/\/www.wqu.edu\/","target":"_blank"}},{"eyebrow":"","heading":"WorldQuant Ventures","description":"<p>Invests in innovative entrepreneurs and early-stage companies that are driving emerging technologies to solve real-world problems<\/p>\n","disclaimer":"","link":{"title":"Learn more","url":"https:\/\/worldquantventures.com\/","target":"_blank"}}],"cta":""}}],"announcement":{"show_hide":true,"headline":"","text":"","link":"","background_image":false,"cookie_duration":"30","theme":"brain"}},"yoast_head":"<!-- This site is optimized with the Yoast SEO plugin v27.1.1 - https:\/\/yoast.com\/product\/yoast-seo-wordpress\/ -->\n<title>WorldQuant | Pioneering Quantitative Investment Strategies<\/title>\n<meta name=\"description\" content=\"WorldQuant is a global quantitative asset management firm founded in 2007 by Igor Tulchinsky and has more than 1,100 employees spread among 28 global offices.\" \/>\n<meta name=\"robots\" content=\"index, follow, max-snippet:-1, max-image-preview:large, max-video-preview:-1\" \/>\n<link rel=\"canonical\" href=\"https:\/\/www.worldquant.com\/\" \/>\n<meta property=\"og:locale\" content=\"en_US\" \/>\n<meta property=\"og:type\" content=\"article\" \/>\n<meta property=\"og:title\" content=\"WorldQuant | Pioneering Quantitative Investment Strategies\" \/>\n<meta property=\"og:description\" content=\"WorldQuant is a global quantitative asset management firm founded in 2007 by Igor Tulchinsky and has more than 1,100 employees spread among 28 global offices.\" \/>\n<meta property=\"og:url\" content=\"https:\/\/www.worldquant.com\/\" \/>\n<meta property=\"og:site_name\" content=\"WorldQuant\" \/>\n<meta property=\"article:publisher\" content=\"https:\/\/www.facebook.com\/WorldQuantCareers\/\" \/>\n<meta property=\"article:modified_time\" content=\"2026-02-24T16:14:07+00:00\" \/>\n<meta property=\"og:image\" content=\"https:\/\/www.worldquant.com\/wp-content\/uploads\/2022\/05\/WQ.1200.630.jpg\" \/>\n\t<meta property=\"og:image:width\" content=\"1260\" \/>\n\t<meta property=\"og:image:height\" content=\"630\" \/>\n\t<meta property=\"og:image:type\" content=\"image\/jpeg\" \/>\n<meta name=\"twitter:card\" content=\"summary_large_image\" \/>\n<script type=\"application\/ld+json\" class=\"yoast-schema-graph\">{\"@context\":\"https:\/\/schema.org\",\"@graph\":[{\"@type\":\"WebPage\",\"@id\":\"https:\/\/www.worldquant.com\/\",\"url\":\"https:\/\/www.worldquant.com\/\",\"name\":\"WorldQuant | Pioneering Quantitative Investment Strategies\",\"isPartOf\":{\"@id\":\"https:\/\/www.worldquant.com\/#website\"},\"datePublished\":\"2022-03-07T23:34:38+00:00\",\"dateModified\":\"2026-02-24T16:14:07+00:00\",\"description\":\"WorldQuant is a global quantitative asset management firm founded in 2007 by Igor Tulchinsky and has more than 1,100 employees spread among 28 global offices.\",\"breadcrumb\":{\"@id\":\"https:\/\/www.worldquant.com\/#breadcrumb\"},\"inLanguage\":\"en-US\",\"potentialAction\":[{\"@type\":\"ReadAction\",\"target\":[\"https:\/\/www.worldquant.com\/\"]}]},{\"@type\":\"BreadcrumbList\",\"@id\":\"https:\/\/www.worldquant.com\/#breadcrumb\",\"itemListElement\":[{\"@type\":\"ListItem\",\"position\":1,\"name\":\"Home\",\"item\":\"https:\/\/www.worldquant.com\/\"},{\"@type\":\"ListItem\",\"position\":2,\"name\":\"Home\"}]},{\"@type\":\"WebSite\",\"@id\":\"https:\/\/www.worldquant.com\/#website\",\"url\":\"https:\/\/www.worldquant.com\/\",\"name\":\"WorldQuant\",\"description\":\"WorldQuant is a quantitative asset management firm, founded in 2007, with more than 850 employees across 13 countries.\",\"potentialAction\":[{\"@type\":\"SearchAction\",\"target\":{\"@type\":\"EntryPoint\",\"urlTemplate\":\"https:\/\/www.worldquant.com\/?s={search_term_string}\"},\"query-input\":{\"@type\":\"PropertyValueSpecification\",\"valueRequired\":true,\"valueName\":\"search_term_string\"}}],\"inLanguage\":\"en-US\"}]}<\/script>\n<!-- \/ Yoast SEO plugin. -->","yoast_head_json":{"title":"WorldQuant | Pioneering Quantitative Investment Strategies","description":"WorldQuant is a global quantitative asset management firm founded in 2007 by Igor Tulchinsky and has more than 1,100 employees spread among 28 global offices.","robots":{"index":"index","follow":"follow","max-snippet":"max-snippet:-1","max-image-preview":"max-image-preview:large","max-video-preview":"max-video-preview:-1"},"canonical":"https:\/\/www.worldquant.com\/","og_locale":"en_US","og_type":"article","og_title":"WorldQuant | Pioneering Quantitative Investment Strategies","og_description":"WorldQuant is a global quantitative asset management firm founded in 2007 by Igor Tulchinsky and has more than 1,100 employees spread among 28 global offices.","og_url":"https:\/\/www.worldquant.com\/","og_site_name":"WorldQuant","article_publisher":"https:\/\/www.facebook.com\/WorldQuantCareers\/","article_modified_time":"2026-02-24T16:14:07+00:00","og_image":[{"width":1260,"height":630,"url":"https:\/\/www.worldquant.com\/wp-content\/uploads\/2022\/05\/WQ.1200.630.jpg","type":"image\/jpeg"}],"twitter_card":"summary_large_image","schema":{"@context":"https:\/\/schema.org","@graph":[{"@type":"WebPage","@id":"https:\/\/www.worldquant.com\/","url":"https:\/\/www.worldquant.com\/","name":"WorldQuant | Pioneering Quantitative Investment Strategies","isPartOf":{"@id":"https:\/\/www.worldquant.com\/#website"},"datePublished":"2022-03-07T23:34:38+00:00","dateModified":"2026-02-24T16:14:07+00:00","description":"WorldQuant is a global quantitative asset management firm founded in 2007 by Igor Tulchinsky and has more than 1,100 employees spread among 28 global offices.","breadcrumb":{"@id":"https:\/\/www.worldquant.com\/#breadcrumb"},"inLanguage":"en-US","potentialAction":[{"@type":"ReadAction","target":["https:\/\/www.worldquant.com\/"]}]},{"@type":"BreadcrumbList","@id":"https:\/\/www.worldquant.com\/#breadcrumb","itemListElement":[{"@type":"ListItem","position":1,"name":"Home","item":"https:\/\/www.worldquant.com\/"},{"@type":"ListItem","position":2,"name":"Home"}]},{"@type":"WebSite","@id":"https:\/\/www.worldquant.com\/#website","url":"https:\/\/www.worldquant.com\/","name":"WorldQuant","description":"WorldQuant is a quantitative asset management firm, founded in 2007, with more than 850 employees across 13 countries.","potentialAction":[{"@type":"SearchAction","target":{"@type":"EntryPoint","urlTemplate":"https:\/\/www.worldquant.com\/?s={search_term_string}"},"query-input":{"@type":"PropertyValueSpecification","valueRequired":true,"valueName":"search_term_string"}}],"inLanguage":"en-US"}]}},"_links":{"self":[{"href":"https:\/\/www.worldquant.com\/wp-json\/wp\/v2\/pages\/12","targetHints":{"allow":["GET"]}}],"collection":[{"href":"https:\/\/www.worldquant.com\/wp-json\/wp\/v2\/pages"}],"about":[{"href":"https:\/\/www.worldquant.com\/wp-json\/wp\/v2\/types\/page"}],"author":[{"embeddable":true,"href":"https:\/\/www.worldquant.com\/wp-json\/wp\/v2\/users\/2"}],"replies":[{"embeddable":true,"href":"https:\/\/www.worldquant.com\/wp-json\/wp\/v2\/comments?post=12"}],"version-history":[{"count":0,"href":"https:\/\/www.worldquant.com\/wp-json\/wp\/v2\/pages\/12\/revisions"}],"wp:attachment":[{"href":"https:\/\/www.worldquant.com\/wp-json\/wp\/v2\/media?parent=12"}],"curies":[{"name":"wp","href":"https:\/\/api.w.org\/{rel}","templated":true}]}}