{"id":495,"date":"2021-05-19T14:37:49","date_gmt":"2021-05-19T14:37:49","guid":{"rendered":"https:\/\/xcuca.net\/?page_id=495"},"modified":"2021-05-19T14:38:39","modified_gmt":"2021-05-19T14:38:39","slug":"about","status":"publish","type":"page","link":"https:\/\/xcuca.net\/about\/","title":{"rendered":"About"},"content":{"rendered":"<p>Has llegado a uno de los sitios de tubo porno de mejor calidad en Internet.Aqu\u00ed te ofrecemos las mejores pel\u00edculas porno completas de celebridades, cintas de sexo de celebridades, sexo expl\u00edcito de celebridades y videos de desnudos.Agregamos nuevos videos todos los d\u00edas, lo que garantiza que cada vez que vuelvas hay incluso m\u00e1s de tu tipo de porno favorito aqu\u00ed.<\/p>\n<p>xcuca.com cumple con 17 USC \u00a7 512 y la Ley de derechos de autor del milenio digital (DMCA). No somos propietarios ni alojamos el video en nuestro sitio web. Estos videos est\u00e1n alojados en algunos otros sitios web y el uso del c\u00f3digo de inserci\u00f3n se enumera en xcuca.com. Es nuestra pol\u00edtica responder a cualquier aviso de infracci\u00f3n y tomar las medidas adecuadas en virtud de la Ley de Derechos de Autor del Milenio Digital (DMCA) y otras leyes de propiedad intelectual aplicables poni\u00e9ndose en contacto con nosotros.<br \/>\nTodos los artistas del video tienen 18 a\u00f1os o m\u00e1s.<\/p>\n<p>Debes tener 18 a\u00f1os para ver el contenido de este sitio.<\/p>\n","protected":false},"excerpt":{"rendered":"<p>Has llegado a uno de los sitios de tubo porno de mejor calidad en Internet.Aqu\u00ed te ofrecemos las mejores pel\u00edculas porno completas de celebridades, cintas de sexo de celebridades, sexo expl\u00edcito de celebridades y videos de desnudos.Agregamos nuevos videos todos los d\u00edas, lo que garantiza que cada vez que vuelvas hay incluso m\u00e1s de tu [&hellip;]<\/p>\n","protected":false},"author":1,"featured_media":0,"parent":0,"menu_order":0,"comment_status":"closed","ping_status":"closed","template":"","meta":{"footnotes":""},"class_list":["post-495","page","type-page","status-publish","hentry"],"_links":{"self":[{"href":"https:\/\/xcuca.net\/wp-json\/wp\/v2\/pages\/495","targetHints":{"allow":["GET"]}}],"collection":[{"href":"https:\/\/xcuca.net\/wp-json\/wp\/v2\/pages"}],"about":[{"href":"https:\/\/xcuca.net\/wp-json\/wp\/v2\/types\/page"}],"author":[{"embeddable":true,"href":"https:\/\/xcuca.net\/wp-json\/wp\/v2\/users\/1"}],"replies":[{"embeddable":true,"href":"https:\/\/xcuca.net\/wp-json\/wp\/v2\/comments?post=495"}],"version-history":[{"count":0,"href":"https:\/\/xcuca.net\/wp-json\/wp\/v2\/pages\/495\/revisions"}],"wp:attachment":[{"href":"https:\/\/xcuca.net\/wp-json\/wp\/v2\/media?parent=495"}],"curies":[{"name":"wp","href":"https:\/\/api.w.org\/{rel}","templated":true}]}}